{"id":1770,"date":"2021-04-19T07:44:56","date_gmt":"2021-04-19T07:44:56","guid":{"rendered":"http:\/\/icomos.at\/wp2021\/?page_id=1770"},"modified":"2021-04-19T07:47:57","modified_gmt":"2021-04-19T07:47:57","slug":"liste-der-gefahrdeten-welterbestatten","status":"publish","type":"page","link":"http:\/\/icomos.at\/wp2021\/evaluiert\/welterbe\/liste-der-gefahrdeten-welterbestatten\/","title":{"rendered":"Liste der gef\u00e4hrdeten Welterbest\u00e4tten"},"content":{"rendered":"<p>Die Liste des gef\u00e4hrdeten Welterbes soll die internationale Gemeinschaft \u00fcber Bedingungen informieren, die genau die Merkmale (<em>attributes<\/em>) bedrohen, f\u00fcr die ein Denkmal, eine St\u00e4tte oder eine Kultur- oder Naturlandschaft in die Welterbeliste aufgenommen wurde. Diese Informationen sollen dazu beitragen, Korrekturma\u00dfnahmen zu f\u00f6rdern.<\/p>\n<p>Bewaffnete Konflikte und Kriege, Erdbeben und andere Naturkatastrophen, Umweltverschmutzung, Wilderei, unkontrollierte Verst\u00e4dterung und unkontrollierte touristische Entwicklung stellen die Welterbest\u00e4tten vor gro\u00dfe Probleme. Gefahren k\u00f6nnen als \u201eascertained\u201c festgestellt werden, womit auf bestimmte, nachgewiesene Bedrohungen Bezug genommen wird. Eine Kategorisierung mit \u201epotential\u201c wird dann angewandt, wenn Bedrohungen auftauchen, die sich negativ auf die Welterbewerte auswirken k\u00f6nnten.<\/p>\n<p><strong>Historisches Zentrum von Wien auf der Liste des gef\u00e4hrdeten Welterbes:<br \/>\n<\/strong>Die \u00f6sterreichische Welterbest\u00e4tte \u201eHistorisches Zentrum von Wien\u201c ist seit Juni 2017 unter die letztere Kategorie eingeordnet. Der Grund daf\u00fcr besteht nicht ausschlie\u00dflich im Bauvorhaben am Heumarkt-Areal, sondern auch in anderen, systemimmanenten Problemen, auf die ICOMOS und die UNESCO permanent seit der Errichtung dieses Welterbes im Jahre 2001 hingewiesen haben. Diese bestehen unter anderem im Fehlen eines innerstaatlich rechtlich bindenden Managementplanes f\u00fcr die Welterbest\u00e4tte, der Nicht-\u00dcbereinstimmung der Welterbezone mit den Schutzzonen der Stadt Wien, der Miss-Interpretation des englischen Terminus \u201einterchange of values\u201c im Originaldokument durch f\u00e4lschliche \u00dcbersetzungen, die Besorgnis erregenden Entwicklungen beim Dachboden-Ausbau ohne Erhalt der originalen, historischen Dachstuhlkonstruktionen und noch mehr.<\/p>\n<p>Die Liste aller <a href=\"https:\/\/whc.unesco.org\/en\/list\/?&amp;danger=1\" target=\"_blank\" rel=\"noopener\">weltweit gef\u00e4hrdeten Welterbest\u00e4tten finden Sie hier<\/a>.<\/p>\n","protected":false},"excerpt":{"rendered":"<p>Die Liste des gef\u00e4hrdeten Welterbes soll die internationale Gemeinschaft \u00fcber Bedingungen informieren, die genau die Merkmale (attributes) bedrohen, f\u00fcr die ein Denkmal, eine St\u00e4tte oder eine Kultur- oder Naturlandschaft in die Welterbeliste aufgenommen wurde. Diese Informationen sollen dazu beitragen, Korrekturma\u00dfnahmen zu f\u00f6rdern. Bewaffnete Konflikte und Kriege, Erdbeben und andere Naturkatastrophen, Umweltverschmutzung, Wilderei, unkontrollierte Verst\u00e4dterung und&hellip;&nbsp;<a href=\"http:\/\/icomos.at\/wp2021\/evaluiert\/welterbe\/liste-der-gefahrdeten-welterbestatten\/\" class=\"\" rel=\"bookmark\">Weiterlesen &raquo;<span class=\"screen-reader-text\">Liste der gef\u00e4hrdeten Welterbest\u00e4tten<\/span><\/a><\/p>\n","protected":false},"author":3,"featured_media":0,"parent":300,"menu_order":3,"comment_status":"closed","ping_status":"closed","template":"","meta":{"neve_meta_sidebar":"full-width","neve_meta_container":"","neve_meta_enable_content_width":"on","neve_meta_content_width":100,"neve_meta_title_alignment":"","neve_meta_author_avatar":"","neve_post_elements_order":"","neve_meta_disable_header":"","neve_meta_disable_footer":"","neve_meta_disable_title":"","_ti_tpc_template_sync":false,"_ti_tpc_template_id":"","footnotes":""},"class_list":["post-1770","page","type-page","status-publish","hentry"],"_links":{"self":[{"href":"http:\/\/icomos.at\/wp2021\/wp-json\/wp\/v2\/pages\/1770"}],"collection":[{"href":"http:\/\/icomos.at\/wp2021\/wp-json\/wp\/v2\/pages"}],"about":[{"href":"http:\/\/icomos.at\/wp2021\/wp-json\/wp\/v2\/types\/page"}],"author":[{"embeddable":true,"href":"http:\/\/icomos.at\/wp2021\/wp-json\/wp\/v2\/users\/3"}],"replies":[{"embeddable":true,"href":"http:\/\/icomos.at\/wp2021\/wp-json\/wp\/v2\/comments?post=1770"}],"version-history":[{"count":1,"href":"http:\/\/icomos.at\/wp2021\/wp-json\/wp\/v2\/pages\/1770\/revisions"}],"predecessor-version":[{"id":1771,"href":"http:\/\/icomos.at\/wp2021\/wp-json\/wp\/v2\/pages\/1770\/revisions\/1771"}],"up":[{"embeddable":true,"href":"http:\/\/icomos.at\/wp2021\/wp-json\/wp\/v2\/pages\/300"}],"wp:attachment":[{"href":"http:\/\/icomos.at\/wp2021\/wp-json\/wp\/v2\/media?parent=1770"}],"curies":[{"name":"wp","href":"https:\/\/api.w.org\/{rel}","templated":true}]}}