{"id":256,"date":"2020-11-01T22:15:25","date_gmt":"2020-11-01T22:15:25","guid":{"rendered":"http:\/\/icomos.at\/wp2021\/?page_id=256"},"modified":"2021-04-02T08:02:33","modified_gmt":"2021-04-02T08:02:33","slug":"aufgabe","status":"publish","type":"page","link":"http:\/\/icomos.at\/wp2021\/icomos\/icomos-international\/aufgabe\/","title":{"rendered":"Aufgaben"},"content":{"rendered":"<p>ICOMOS ist die internationale nichtstaatliche Organisation, die sich weltweit f\u00fcr Schutz und Pflege von Denkm\u00e4lern und Denkmalbereichen und die Bewahrung des historischen Kulturerbes einsetzt. ICOMOS beteiligt sich als Berater und Gutachter an der Arbeit des Welterbe-Komitees und an der Erf\u00fcllung der UNESCO-Konvention zum Weltkulturerbe. Nationalkomitees bestehen bereits in mehr als 120 L\u00e4ndern. Weltweit geh\u00f6ren diesen Komitees etwa 10 000 ExpertInnen an.<\/p>\n<p><img fetchpriority=\"high\" decoding=\"async\" class=\"alignnone size-full wp-image-20\" src=\"http:\/\/icomos.at\/wordpress\/wp-content\/uploads\/2018\/11\/icomos_aufgaben01.jpg\" sizes=\"(max-width: 1122px) 100vw, 1122px\" srcset=\"http:\/\/icomos.at\/wordpress\/wp-content\/uploads\/2018\/11\/icomos_aufgaben01.jpg 1122w, http:\/\/icomos.at\/wordpress\/wp-content\/uploads\/2018\/11\/icomos_aufgaben01-300x63.jpg 300w, http:\/\/icomos.at\/wordpress\/wp-content\/uploads\/2018\/11\/icomos_aufgaben01-768x162.jpg 768w, http:\/\/icomos.at\/wordpress\/wp-content\/uploads\/2018\/11\/icomos_aufgaben01-1024x215.jpg 1024w\" alt=\"\" width=\"1122\" height=\"236\" \/><\/p>\n<p>ICOMOS hat au\u00dferdem mehr als 25 Internationale Wissenschaftliche Komitees (Scientific Committees). Diese setzen sich mit speziellen Problemkreisen von Forschung, Denkmalschutz und Denkmalpflege auseinander. \u00dcber st\u00e4ndige internationale Kontakte ist intensiver Informationsaustausch m\u00f6glich.<\/p>\n","protected":false},"excerpt":{"rendered":"<p>ICOMOS ist die internationale nichtstaatliche Organisation, die sich weltweit f\u00fcr Schutz und Pflege von Denkm\u00e4lern und Denkmalbereichen und die Bewahrung des historischen Kulturerbes einsetzt. ICOMOS beteiligt sich als Berater und Gutachter an der Arbeit des Welterbe-Komitees und an der Erf\u00fcllung der UNESCO-Konvention zum Weltkulturerbe. Nationalkomitees bestehen bereits in mehr als 120 L\u00e4ndern. Weltweit geh\u00f6ren diesen&hellip;&nbsp;<a href=\"http:\/\/icomos.at\/wp2021\/icomos\/icomos-international\/aufgabe\/\" class=\"\" rel=\"bookmark\">Weiterlesen &raquo;<span class=\"screen-reader-text\">Aufgaben<\/span><\/a><\/p>\n","protected":false},"author":1,"featured_media":0,"parent":227,"menu_order":2,"comment_status":"closed","ping_status":"closed","template":"","meta":{"neve_meta_sidebar":"full-width","neve_meta_container":"","neve_meta_enable_content_width":"on","neve_meta_content_width":100,"neve_meta_title_alignment":"","neve_meta_author_avatar":"","neve_post_elements_order":"","neve_meta_disable_header":"","neve_meta_disable_footer":"","neve_meta_disable_title":"","_ti_tpc_template_sync":false,"_ti_tpc_template_id":"","footnotes":""},"class_list":["post-256","page","type-page","status-publish","hentry"],"_links":{"self":[{"href":"http:\/\/icomos.at\/wp2021\/wp-json\/wp\/v2\/pages\/256"}],"collection":[{"href":"http:\/\/icomos.at\/wp2021\/wp-json\/wp\/v2\/pages"}],"about":[{"href":"http:\/\/icomos.at\/wp2021\/wp-json\/wp\/v2\/types\/page"}],"author":[{"embeddable":true,"href":"http:\/\/icomos.at\/wp2021\/wp-json\/wp\/v2\/users\/1"}],"replies":[{"embeddable":true,"href":"http:\/\/icomos.at\/wp2021\/wp-json\/wp\/v2\/comments?post=256"}],"version-history":[{"count":3,"href":"http:\/\/icomos.at\/wp2021\/wp-json\/wp\/v2\/pages\/256\/revisions"}],"predecessor-version":[{"id":1243,"href":"http:\/\/icomos.at\/wp2021\/wp-json\/wp\/v2\/pages\/256\/revisions\/1243"}],"up":[{"embeddable":true,"href":"http:\/\/icomos.at\/wp2021\/wp-json\/wp\/v2\/pages\/227"}],"wp:attachment":[{"href":"http:\/\/icomos.at\/wp2021\/wp-json\/wp\/v2\/media?parent=256"}],"curies":[{"name":"wp","href":"https:\/\/api.w.org\/{rel}","templated":true}]}}