{"id":298,"date":"2020-11-01T22:39:45","date_gmt":"2020-11-01T22:39:45","guid":{"rendered":"http:\/\/icomos.at\/wp2021\/?page_id=298"},"modified":"2021-04-19T09:26:15","modified_gmt":"2021-04-19T09:26:15","slug":"evaluiert","status":"publish","type":"page","link":"http:\/\/icomos.at\/wp2021\/evaluiert\/","title":{"rendered":"Evaluiert"},"content":{"rendered":"<p>Als Expertenbeirat in Angelegenheiten des gebauten Kulturerbes ist es die Aufgabe von ICOMOS, <strong>Kulturerbest\u00e4tten<\/strong> generell <strong>zu identifizieren<\/strong>, Welterbest\u00e4tten <strong>vorzuschlagen<\/strong> (<em>Tentativlist<\/em>), diese <strong>zu \u00fcberwachen<\/strong> (<em>Monitoring, Advisory Mission<\/em>) und gegebenenfalls <strong>vor Bedrohungen<\/strong> des gesamten Kulturerbes <strong>zu warnen<\/strong> (<em>Heritage at Risk, Heritage Alert<\/em>).<\/p>\n<p>Immer aber steht im Vordergrund, <strong>objektive<\/strong> und <strong>nachvollziehbare Analysen<\/strong> abzuliefern, sowie nicht nur zu warnen, sondern <strong>konstruktive L\u00f6sungen<\/strong> vorzuschlagen.<\/p>\n","protected":false},"excerpt":{"rendered":"<p>Als Expertenbeirat in Angelegenheiten des gebauten Kulturerbes ist es die Aufgabe von ICOMOS, Kulturerbest\u00e4tten generell zu identifizieren, Welterbest\u00e4tten vorzuschlagen (Tentativlist), diese zu \u00fcberwachen (Monitoring, Advisory Mission) und gegebenenfalls vor Bedrohungen des gesamten Kulturerbes zu warnen (Heritage at Risk, Heritage Alert). Immer aber steht im Vordergrund, objektive und nachvollziehbare Analysen abzuliefern, sowie nicht nur zu warnen,&hellip;&nbsp;<a href=\"http:\/\/icomos.at\/wp2021\/evaluiert\/\" class=\"\" rel=\"bookmark\">Weiterlesen &raquo;<span class=\"screen-reader-text\">Evaluiert<\/span><\/a><\/p>\n","protected":false},"author":1,"featured_media":0,"parent":0,"menu_order":2,"comment_status":"closed","ping_status":"closed","template":"","meta":{"neve_meta_sidebar":"full-width","neve_meta_container":"","neve_meta_enable_content_width":"on","neve_meta_content_width":100,"neve_meta_title_alignment":"","neve_meta_author_avatar":"","neve_post_elements_order":"","neve_meta_disable_header":"","neve_meta_disable_footer":"","neve_meta_disable_title":"","_ti_tpc_template_sync":false,"_ti_tpc_template_id":"","footnotes":""},"class_list":["post-298","page","type-page","status-publish","hentry"],"_links":{"self":[{"href":"http:\/\/icomos.at\/wp2021\/wp-json\/wp\/v2\/pages\/298"}],"collection":[{"href":"http:\/\/icomos.at\/wp2021\/wp-json\/wp\/v2\/pages"}],"about":[{"href":"http:\/\/icomos.at\/wp2021\/wp-json\/wp\/v2\/types\/page"}],"author":[{"embeddable":true,"href":"http:\/\/icomos.at\/wp2021\/wp-json\/wp\/v2\/users\/1"}],"replies":[{"embeddable":true,"href":"http:\/\/icomos.at\/wp2021\/wp-json\/wp\/v2\/comments?post=298"}],"version-history":[{"count":5,"href":"http:\/\/icomos.at\/wp2021\/wp-json\/wp\/v2\/pages\/298\/revisions"}],"predecessor-version":[{"id":1805,"href":"http:\/\/icomos.at\/wp2021\/wp-json\/wp\/v2\/pages\/298\/revisions\/1805"}],"wp:attachment":[{"href":"http:\/\/icomos.at\/wp2021\/wp-json\/wp\/v2\/media?parent=298"}],"curies":[{"name":"wp","href":"https:\/\/api.w.org\/{rel}","templated":true}]}}