{"id":300,"date":"2020-11-01T22:40:08","date_gmt":"2020-11-01T22:40:08","guid":{"rendered":"http:\/\/icomos.at\/wp2021\/?page_id=300"},"modified":"2024-08-11T18:17:39","modified_gmt":"2024-08-11T18:17:39","slug":"welterbe","status":"publish","type":"page","link":"http:\/\/icomos.at\/wp2021\/evaluiert\/welterbe\/","title":{"rendered":"Welterbe"},"content":{"rendered":"<p><main id=\"content\" class=\"neve-main\"><\/p>\n<div class=\"container single-page-container\">\n<div class=\"row\">\n<div class=\"nv-single-page-wrap col\">\n<div class=\"nv-page-title-wrap nv-big-title\">\n<div class=\"nv-page-title \">\n<h3>UNESCO-Welterbe<\/h3>\n<\/div>\n<\/div>\n<div class=\"nv-content-wrap entry-content\">\n<h2><\/h2>\n<p><img fetchpriority=\"high\" decoding=\"async\" class=\"alignnone size-full wp-image-190\" src=\"http:\/\/icomos.at\/wordpress\/wp-content\/uploads\/2018\/11\/unesco-icomos01.jpg\" sizes=\"(max-width: 1122px) 100vw, 1122px\" srcset=\"http:\/\/icomos.at\/wordpress\/wp-content\/uploads\/2018\/11\/unesco-icomos01.jpg 1122w, http:\/\/icomos.at\/wordpress\/wp-content\/uploads\/2018\/11\/unesco-icomos01-300x79.jpg 300w, http:\/\/icomos.at\/wordpress\/wp-content\/uploads\/2018\/11\/unesco-icomos01-768x202.jpg 768w, http:\/\/icomos.at\/wordpress\/wp-content\/uploads\/2018\/11\/unesco-icomos01-1024x269.jpg 1024w\" alt=\"\" width=\"1122\" height=\"295\" \/><\/p>\n<p>Die Pyramiden \u00c4gyptens,\u00a0das Great Barrier Reef, der Tadsch Mahal, die Inkastadt Machu Picchu, die Altstadt von Havanna, die Altstadt von Salzburg, sie alle sind Zeugnisse vergangener Kulturen, k\u00fcnstlerische Meisterwerke und einzigartige Naturlandschaften, deren Untergang ein unersetzlicher Verlust f\u00fcr die gesamte Menschheit w\u00e4re.<\/p>\n<p>Sie zu sch\u00fctzen, liegt daher\u00a0<strong>nicht allein in der Verantwortung eines einzelnen Staates, sondern ist Aufgabe der V\u00f6lkergemeinschaft.<\/strong>\u00a0Die\u00a0<a href=\"http:\/\/whc.unesco.org\/en\/list\" target=\"_blank\" rel=\"noopener noreferrer\">Welterbeliste<\/a>\u00a0verzeichnet weltweit 1092 Natur- und Kulturst\u00e4tten. \u00d6sterreich ist auf der Liste mit 9 Welterbest\u00e4tten vertreten.\u00a0<strong>UNESCO-Welterbekonvention \u2013 ein V\u00f6lkerrechtsinstrument<\/strong>\u00a01972 verabschiedete die internationale Staatengemeinschaft das\u00a0<a class=\"pdf\" href=\"http:\/\/unesco.at\/kultur\/welterbe\/wh-konvention_dt.pdf\" target=\"_blank\" rel=\"noopener noreferrer\">\u00dcbereinkommen zum Schutz des Kultur- und Naturerbes der Menschheit<\/a>\u201c (<strong><a href=\"http:\/\/whc.unesco.org\/archive\/convention-en.pdf\" target=\"_blank\" rel=\"noopener noreferrer\">Welterbekonvention<\/a><\/strong>). Es ist ein v\u00f6lkerrechtlich bindendes Rechtsinstrument und besitzt mit 187 Vertragsstaaten universelle G\u00fcltigkeit. Leitidee der Konvention ist es, die herausragenden Kultur- und Naturst\u00e4tten dieser Erde, die in einer Liste gef\u00fchrt werden, nicht als Eigentum eines Staates anzusehen, sondern als ideellen Besitz der gesamten Menschheit.\u00a0<strong>Die Welterbeliste \u2013 St\u00e4tte von besonderem Wert f\u00fcr die Menschheit<\/strong>\u00a01092 Kultur- und Naturerbest\u00e4tten aus 167 Staaten aller Kontinente haben die Voraussetzungen f\u00fcr die Aufnahme in die\u00a0<a href=\"http:\/\/www.icomos.at\/whc.unesco.org\/list\">UNESCO-Welterbeliste<\/a>\u00a0bislang erf\u00fcllt.<\/p>\n<ul>\n<li>Zum<strong>\u00a0Weltkulturerbe<\/strong>\u00a0geh\u00f6ren Baudenkm\u00e4ler, Stadtensembles und Kulturlandschaften, aber auch Industriedenkm\u00e4ler und Kunstwerke wie Felszeichnungen.<\/li>\n<li>Das\u00a0<strong>Weltnaturerbe<\/strong>\u00a0umfasst geologische Formationen, Fossilienfundst\u00e4tten, Naturlandschaften und Schutzreservate von Tieren und Pflanzen, die vom Aussterben bedroht sind.<\/li>\n<\/ul>\n<p><strong>Das Aufnahmeverfahren \u2013 Wie kommt eine St\u00e4tte auf die Welterbeliste?<\/strong>\u00a0Das Ansuchen um Aufnahme einer St\u00e4tte in die Welterbeliste erfolgt durch den Vertragsstaat. Es ist also nicht die UNESCO, die dies bestimmt, sondern der Wille des Staates selber. \u00dcber die endg\u00fcltige Aufnahme in die Welterbeliste entscheidet das\u00a0<strong>Welterbekomitee<\/strong>, das einmal j\u00e4hrlich tagt und aus ExpertInnen aus 21 L\u00e4ndern besteht.\u00a0<strong>ICOMOS<\/strong>\u00a0und die\u00a0<strong>Internationale Naturschutzunion<\/strong>\u00a0(IUCN) evaluieren die Einreichungen und beraten das Komitee unter anderem in Fragen der Verwaltung, Konservierung, Restaurierung. Gepr\u00fcft wird, ob die von den Mitgliedstaaten vorgeschlagenen St\u00e4tten die in der Welterbekonvention festgelegten Kriterien erf\u00fcllen. Zu den wesentlichsten Kriterien z\u00e4hlen die\u00a0<strong>\u201euniverselle Einzigartigkeit\u201c<\/strong>\u00a0und\u00a0<strong>\u201eAuthentizit\u00e4t\u201c<\/strong>\u00a0(historische Echtheit) eines Kulturdenkmals bzw. die\u00a0<strong>\u201eIntegrit\u00e4t\u201c<\/strong>\u00a0einer Naturerbest\u00e4tte. Neben dem aktuellen Erhaltungszustand muss auch ein detaillierter Managementplan vorgelegt werden.\u00a0<strong>Gemeinsames Erbe \u2013 Kollektive Verantwortung<\/strong>\u00a0In die Welterbeliste der UNESCO aufgenommen, werden die St\u00e4tten unter die<strong>\u00a0Obhut der internationalen Staatengemeinschaf<\/strong>t gestellt. Mit der Unterzeichnung der Konvention verpflichtet sich aber jedes Land, die innerhalb ihrer Landesgrenzen gelegenen, in die Welterbeliste eingetragenen, St\u00e4tten zu sch\u00fctzen. Bereits f\u00fcr die Einreichung m\u00fcssen alle gesetzlichen Ma\u00dfnahmen zum Schutz des eingereichten Gebietes getroffen sein. Das hei\u00dft, nicht die Konvention bewirkt den Schutz, sie setzt ihn vielmehr voraus. Somit muss jede Regierung daf\u00fcr Sorge tragen, dass alle rechtlichen, administrativen, finanziellen, sowie technische und wissenschaftliche Rahmenbedingungen bestehen um die St\u00e4tten zu sch\u00fctzen und zu erhalten.\u00a0<strong>Die Rote Liste \u2013 Gef\u00e4hrdete St\u00e4tten<\/strong>\u00a0Krieg und Zerst\u00f6rung, Umweltverschmutzung und Verst\u00e4dterung, Naturkatastrophen und \u00f6kologische Zerst\u00f6rung gef\u00e4hrden das Welterbe. Von den 936 St\u00e4tten auf der Welterbeliste befinden sich\u00a0<a href=\"http:\/\/whc.unesco.org\/en\/danger\/\" target=\"_blank\" rel=\"noopener noreferrer\">53 in Gefahr<\/a>. Notfallma\u00dfnahmen sollen hier Einhalt gebieten.<\/p>\n<\/div>\n<\/div>\n<\/div>\n<\/div>\n<p><\/main><\/p>\n","protected":false},"excerpt":{"rendered":"<p>UNESCO-Welterbe Die Pyramiden \u00c4gyptens,\u00a0das Great Barrier Reef, der Tadsch Mahal, die Inkastadt Machu Picchu, die Altstadt von Havanna, die Altstadt von Salzburg, sie alle sind Zeugnisse vergangener Kulturen, k\u00fcnstlerische Meisterwerke und einzigartige Naturlandschaften, deren Untergang ein unersetzlicher Verlust f\u00fcr die gesamte Menschheit w\u00e4re. Sie zu sch\u00fctzen, liegt daher\u00a0nicht allein in der Verantwortung eines einzelnen Staates,&hellip;&nbsp;<a href=\"http:\/\/icomos.at\/wp2021\/evaluiert\/welterbe\/\" class=\"\" rel=\"bookmark\">Weiterlesen &raquo;<span class=\"screen-reader-text\">Welterbe<\/span><\/a><\/p>\n","protected":false},"author":1,"featured_media":0,"parent":298,"menu_order":1,"comment_status":"closed","ping_status":"closed","template":"","meta":{"neve_meta_sidebar":"full-width","neve_meta_container":"","neve_meta_enable_content_width":"on","neve_meta_content_width":100,"neve_meta_title_alignment":"","neve_meta_author_avatar":"","neve_post_elements_order":"","neve_meta_disable_header":"","neve_meta_disable_footer":"","neve_meta_disable_title":"","_ti_tpc_template_sync":false,"_ti_tpc_template_id":"","footnotes":""},"class_list":["post-300","page","type-page","status-publish","hentry"],"_links":{"self":[{"href":"http:\/\/icomos.at\/wp2021\/wp-json\/wp\/v2\/pages\/300"}],"collection":[{"href":"http:\/\/icomos.at\/wp2021\/wp-json\/wp\/v2\/pages"}],"about":[{"href":"http:\/\/icomos.at\/wp2021\/wp-json\/wp\/v2\/types\/page"}],"author":[{"embeddable":true,"href":"http:\/\/icomos.at\/wp2021\/wp-json\/wp\/v2\/users\/1"}],"replies":[{"embeddable":true,"href":"http:\/\/icomos.at\/wp2021\/wp-json\/wp\/v2\/comments?post=300"}],"version-history":[{"count":2,"href":"http:\/\/icomos.at\/wp2021\/wp-json\/wp\/v2\/pages\/300\/revisions"}],"predecessor-version":[{"id":4598,"href":"http:\/\/icomos.at\/wp2021\/wp-json\/wp\/v2\/pages\/300\/revisions\/4598"}],"up":[{"embeddable":true,"href":"http:\/\/icomos.at\/wp2021\/wp-json\/wp\/v2\/pages\/298"}],"wp:attachment":[{"href":"http:\/\/icomos.at\/wp2021\/wp-json\/wp\/v2\/media?parent=300"}],"curies":[{"name":"wp","href":"https:\/\/api.w.org\/{rel}","templated":true}]}}