{"id":318,"date":"2020-11-01T22:42:55","date_gmt":"2020-11-01T22:42:55","guid":{"rendered":"http:\/\/icomos.at\/wp2021\/?page_id=318"},"modified":"2021-04-19T08:50:14","modified_gmt":"2021-04-19T08:50:14","slug":"heritage-at-risk-liste","status":"publish","type":"page","link":"http:\/\/icomos.at\/wp2021\/evaluiert\/nominierungsprozess-zum-welterbe\/heritage-at-risk-liste\/","title":{"rendered":"Heritage-at-Risk-Programm"},"content":{"rendered":"<p>Das Heritage@Risk-Programm wurde 1999 von ICOMOS-Mitgliedern auf der Generalversammlung in Mexiko gebilligt. Ziel dieser Berichte ist es, bedrohte Orte, Denkm\u00e4ler und St\u00e4tten des Kulturerbes zu identifizieren, typische Fallstudien und Trends vorzustellen und Vorschl\u00e4ge zur L\u00f6sung individueller oder globaler Probleme auszutauschen, die unser kulturelles Erbe bedrohen.\u00a0Jedes Jahr werden alle nationalen ICOMOS-Komitees, internationalen wissenschaftlichen Komitees und das weltweite professionelle Netzwerk von ICOMOS eingeladen, kurze Berichte \u00fcber die Risiken in ihrem Land oder Fachgebiet einschlie\u00dflich Fallstudien vorzulegen.<\/p>\n<p>Zu <strong>\u00d6sterreich<\/strong> erschienen bereits folgende Heritage-at-Risk-Berichte:<br \/>\n<a href=\"http:\/\/icomos.at\/wp2021\/wp-content\/uploads\/2021\/04\/Austria_H@R_2004-2005.pdf\" target=\"_blank\" rel=\"noopener\">Heritage@Risk Report 2004\/2005: Wiener Dachaufbauten<\/a><br \/>\n<a href=\"http:\/\/icomos.at\/wp2021\/wp-content\/uploads\/2021\/04\/Austria_H@R_2006-2007_08.pdf\" target=\"_blank\" rel=\"noopener\">Heritage@Risk Report 2006\/2007: Wiener Belvedere, Grazer Dachlandschaft, Wachau, Fert\u0151-Neusiedler See<\/a><br \/>\n<a href=\"http:\/\/icomos.at\/wp2021\/wp-content\/uploads\/2021\/04\/Austria_H@R_2011-2013.pdf\" target=\"_blank\" rel=\"noopener\">Heritage@Risk Report 2011-2013: Historisches Zentrum von Wien, Historisches Zentrum Salzburg, Semmeringbahn<\/a><\/p>\n<p><strong>Historisches Zentrum von Wien im <a href=\"http:\/\/icomos.at\/wp2021\/wp-content\/uploads\/2021\/04\/Austria_H@R_2016_2019.pdf\" target=\"_blank\" rel=\"noopener\">Heritage-at-Risk-Bericht 2016-2019<\/a>:<br \/>\n<\/strong>Der j\u00fcngste Berichtband \u00fcber die Periode 2016-2019 enth\u00e4lt die Darstellung der systemimmanenten wie anlassbezogenen Problematiken in der \u00f6sterreichischen Welterbest\u00e4tte \u201eHistorisches Zentrum von Wien\u201c, das sich seit Juni 2017 auf der UNESCO-Liste des gef\u00e4hrdeten Welterbes befindet.<\/p>\n<p><strong>Folgend finden Sie alle bisher erschienenen ICOMOS World Reports on Monuments and Sites in Danger:<br \/>\n<\/strong><a href=\"https:\/\/openarchive.icomos.org\/id\/eprint\/2430\/\" target=\"_blank\" rel=\"noopener\">World Report 2016-2019<\/a><br \/>\n<a href=\"https:\/\/www.icomos.org\/en\/what-we-do\/risk-preparedness\/heritage-at-risk-reports\/116-english-categories\/resources\/publications\/8766-heritage-at-risk-special-edition-2014-2015\" target=\"_blank\" rel=\"noopener\">World Report 2014-2015<\/a><br \/>\n<a href=\"https:\/\/www.icomos.org\/en\/116-english-categories\/resources\/publications\/3531-heritage-at-risk-special-edition-2008\" target=\"_blank\" rel=\"noopener\">World Report 2011-2013<\/a><br \/>\n<a href=\"http:\/\/openarchive.icomos.org\/id\/eprint\/2110\/\" target=\"_blank\" rel=\"noopener\"><u>World Report 2008-2010\u00a0<\/u><\/a><br \/>\n<a href=\"https:\/\/www.icomos.org\/en\/what-we-do\/risk-preparedness\/heritage-at-risk-reports\/116-english-categories\/resources\/publications\/207-icomos-world-report-2006-2007-on-monuments-and-sites-in-danger\" target=\"_blank\" rel=\"noopener\">World Report 2006\/2007<\/a><br \/>\n<a href=\"https:\/\/www.icomos.org\/en\/what-we-do\/risk-preparedness\/heritage-at-risk-reports\/116-english-categories\/resources\/publications\/208-icomos-world-report-2004-2005-on-monuments-and-sites-in-danger\" target=\"_blank\" rel=\"noopener\">World Report 2004\/2005<\/a><br \/>\n<a href=\"https:\/\/www.icomos.org\/en\/what-we-do\/risk-preparedness\/heritage-at-risk-reports\/116-english-categories\/resources\/publications\/210-icomos-world-report-2002-2003-on-monuments-and-sites-in-danger\" target=\"_blank\" rel=\"noopener\">World Report 2002\/2003<\/a><br \/>\n<a href=\"https:\/\/www.icomos.org\/en\/what-we-do\/risk-preparedness\/heritage-at-risk-reports\/116-english-categories\/resources\/publications\/211-icomos-world-report-2001-2002-on-monuments-and-sites-in-danger\" target=\"_blank\" rel=\"noopener\">World Report 2001<\/a><br \/>\n<a href=\"https:\/\/www.icomos.org\/en\/what-we-do\/risk-preparedness\/heritage-at-risk-reports\/116-english-categories\/resources\/publications\/212-icomos-world-report-2000-on-monuments-and-sites-in-danger\">World Report 2000<\/a><\/p>\n<p><strong>Heritage at Risk Special Editions:<br \/>\n<\/strong>Heritage at Risk &#8211; Special Edition 2007:\u00a0<a href=\"https:\/\/www.icomos.org\/en\/what-we-do\/risk-preparedness\/heritage-at-risk-reports\/116-english-categories\/resources\/publications\/213-heritage-at-risk-special-edition-2007\" target=\"_blank\" rel=\"noopener\">&#8220;Cultural heritage and natural disasters: Risk preparedness and the limits of prevention \/ Kulturerbe und Naturkatastrophen: M\u00f6glichkeiten und Grenzen der Pr\u00e4vention<\/a><br \/>\nHeritage at Risk &#8211; Special Edition 2006: <a href=\"https:\/\/www.icomos.org\/en\/what-we-do\/risk-preparedness\/heritage-at-risk-reports\/116-english-categories\/resources\/publications\/214-heritage-at-risk-special-edition2006\" target=\"_blank\" rel=\"noopener\">The Soviet Heritage and European Modernism<\/a><br \/>\nHeritage at Risk &#8211; Special Edition 2006: <a href=\"https:\/\/www.icomos.org\/en\/what-we-do\/risk-preparedness\/heritage-at-risk-reports\/116-english-categories\/resources\/publications\/215-heritage-at-risk-special-edition-2006-underwater-cultural-heritage\" target=\"_blank\" rel=\"noopener\">Underwater cultural heritage at risk: managing natural and human impacts<\/a><\/p>\n<p><strong>Heritage at Risk Special Reports:<br \/>\n<\/strong><a href=\"http:\/\/www.japan-icomos.org\/pdf\/earthquake_report_20111120.pdf\" target=\"_blank\" rel=\"noopener\"><u>Tohoku Pacific Earthquake on 11 March 2011<\/u><\/a>&#8211; Reports by ICOMOS Japan<br \/>\n<a href=\"https:\/\/www.icomos.org\/en\/what-we-do\/risk-preparedness\/heritage-at-risk-reports\/116-english-categories\/resources\/publications\/216-earthquake-in-haiti\" target=\"_blank\" rel=\"noopener\"><u>Earthquake in Haiti (January 2010)<\/u><\/a><br \/>\n<a href=\"https:\/\/www.icomos.org\/en\/what-we-do\/risk-preparedness\/heritage-at-risk-reports\/116-english-categories\/resources\/publications\/219-special-report-on-spain-2006\" target=\"_blank\" rel=\"noopener\">Special Report on Spain \u2013 July 2006<\/a><\/p>\n","protected":false},"excerpt":{"rendered":"<p>Das Heritage@Risk-Programm wurde 1999 von ICOMOS-Mitgliedern auf der Generalversammlung in Mexiko gebilligt. Ziel dieser Berichte ist es, bedrohte Orte, Denkm\u00e4ler und St\u00e4tten des Kulturerbes zu identifizieren, typische Fallstudien und Trends vorzustellen und Vorschl\u00e4ge zur L\u00f6sung individueller oder globaler Probleme auszutauschen, die unser kulturelles Erbe bedrohen.\u00a0Jedes Jahr werden alle nationalen ICOMOS-Komitees, internationalen wissenschaftlichen Komitees und das&hellip;&nbsp;<a href=\"http:\/\/icomos.at\/wp2021\/evaluiert\/nominierungsprozess-zum-welterbe\/heritage-at-risk-liste\/\" class=\"\" rel=\"bookmark\">Weiterlesen &raquo;<span class=\"screen-reader-text\">Heritage-at-Risk-Programm<\/span><\/a><\/p>\n","protected":false},"author":1,"featured_media":0,"parent":302,"menu_order":3,"comment_status":"closed","ping_status":"closed","template":"","meta":{"neve_meta_sidebar":"full-width","neve_meta_container":"","neve_meta_enable_content_width":"on","neve_meta_content_width":100,"neve_meta_title_alignment":"","neve_meta_author_avatar":"","neve_post_elements_order":"","neve_meta_disable_header":"","neve_meta_disable_footer":"","neve_meta_disable_title":"","_ti_tpc_template_sync":false,"_ti_tpc_template_id":"","footnotes":""},"class_list":["post-318","page","type-page","status-publish","hentry"],"_links":{"self":[{"href":"http:\/\/icomos.at\/wp2021\/wp-json\/wp\/v2\/pages\/318"}],"collection":[{"href":"http:\/\/icomos.at\/wp2021\/wp-json\/wp\/v2\/pages"}],"about":[{"href":"http:\/\/icomos.at\/wp2021\/wp-json\/wp\/v2\/types\/page"}],"author":[{"embeddable":true,"href":"http:\/\/icomos.at\/wp2021\/wp-json\/wp\/v2\/users\/1"}],"replies":[{"embeddable":true,"href":"http:\/\/icomos.at\/wp2021\/wp-json\/wp\/v2\/comments?post=318"}],"version-history":[{"count":25,"href":"http:\/\/icomos.at\/wp2021\/wp-json\/wp\/v2\/pages\/318\/revisions"}],"predecessor-version":[{"id":1798,"href":"http:\/\/icomos.at\/wp2021\/wp-json\/wp\/v2\/pages\/318\/revisions\/1798"}],"up":[{"embeddable":true,"href":"http:\/\/icomos.at\/wp2021\/wp-json\/wp\/v2\/pages\/302"}],"wp:attachment":[{"href":"http:\/\/icomos.at\/wp2021\/wp-json\/wp\/v2\/media?parent=318"}],"curies":[{"name":"wp","href":"https:\/\/api.w.org\/{rel}","templated":true}]}}