{"id":410,"date":"2020-11-02T22:18:42","date_gmt":"2020-11-02T22:18:42","guid":{"rendered":"http:\/\/icomos.at\/wp2021\/?page_id=410"},"modified":"2021-09-27T14:21:02","modified_gmt":"2021-09-27T14:21:02","slug":"richtlinien-und-empfehlungen-in-dt-sprache","status":"publish","type":"page","link":"http:\/\/icomos.at\/wp2021\/integriert\/grundsatze\/richtlinien-und-empfehlungen-in-dt-sprache\/","title":{"rendered":"Internationale Richtlinien und Empfehlungen"},"content":{"rendered":"<p>Zur Kernaufgabe von ICOMOS geh\u00f6rt es, die Anwendung von Theorien, Methoden und wissenschaftlicher Verfahren zur Erhaltung des architektonischen und arch\u00e4ologischen Erbes zu f\u00f6rdern, und zwar weltweit. Dazu bedarf es vor allem internationaler Richtlinien und Grunds\u00e4tze, die von den ICOMOS ExpertInnen, selbstverst\u00e4ndlich in Zusammenarbeit mit ExpertInnen seiner Partnerorganisationen, und spezifiziert durch verschiedene Wissenschaftskomitees (International Scientific Comittees \u2013 ISC) entwickelt werden. Diese Grunds\u00e4tze und Richtlinien sind in den offiziellen Sprachen von ICOMOS (Englisch, Franz\u00f6sisch und Spanisch) \u00fcber die Internationale Webseite von ICOMOS abrufbar \u2013 auch in anderen Sprachen wir Russisch oder Chinesisch, nicht jedoch auf Deutsch. Daher haben 2009 die deutschsprachigen Nationalkomitees von ICOMOS, also ICOMOS Deutschland, ICOMOS Luxemburg, ICOMOS \u00d6sterreich, ICOMOS Schweiz, sich zusammengetan, um eine <strong>einheitliche Fassung<\/strong> der wichtigsten internationalen Grunds\u00e4tze und Richtlinien <strong>auf Deutsch<\/strong> (zusammengefasst in dem 2012 erschienen Band MONUMENTA I) als Druckwerk herauszubringen. ICOMOS Austria hat nun einige dieser ins Deutsche \u00fcbersetzten Dokumente zusammengestellt, um sie <strong>allgemein zug\u00e4nglich<\/strong> zu machen. Ein weiterer Mehrwert sollte darin liegen, dass in k\u00fcrzest m\u00f6glicher Form auf die aus heutiger Sicht wichtigsten Aussagen derselben aufmerksam gemacht wird.<\/p>\n<ul>\n<li><a href=\"http:\/\/icomos.at\/wp2021\/wp-content\/uploads\/2021\/04\/1964_Die-Charta-von-Venedig.pdf\" target=\"_blank\" rel=\"noopener\">1964: Die Charta von Venedig<\/a><\/li>\n<li><a href=\"http:\/\/icomos.at\/wp2021\/wp-content\/uploads\/2021\/04\/1981_Die-Charta-von-Florenz.pdf\" target=\"_blank\" rel=\"noopener\">1981: Die Charta von Florenz zum Schutz der historischen G\u00e4rten<\/a><\/li>\n<li><a href=\"http:\/\/icomos.at\/wp2021\/wp-content\/uploads\/2021\/04\/1987_Die-Charta-von-Washington.pdf\" target=\"_blank\" rel=\"noopener\">1987: Die Charta von Washington zur Denkmalpflege in historischen St\u00e4dten<\/a><\/li>\n<li><a href=\"http:\/\/icomos.at\/wp2021\/wp-content\/uploads\/2021\/04\/1990_Charta-von-Lausanne.pdf\" target=\"_blank\" rel=\"noopener\">1990: Die Charta von Lausanne f\u00fcr den Schutz und die Pflege des arch\u00e4ologischen Erbes<\/a><\/li>\n<li>1993: Die Richtlinien zur Ausbildung in der Konservierung von Denkm\u00e4lern, Ensembles und historischen St\u00e4tten<\/li>\n<li>1994: Das Nara Dokument zur Authentizit\u00e4t<\/li>\n<li><a href=\"http:\/\/icomos.at\/wp2021\/wp-content\/uploads\/2021\/04\/1996_Charta-Unterwasserkulturerbe.pdf\" target=\"_blank\" rel=\"noopener\">1996: Die Charta zu Schutz und Pflege des Unterwasser-Kulturerbes<\/a><\/li>\n<li>1996: Die Grunds\u00e4tze zur Dokumentation der Denkm\u00e4ler, Ensembles und historischen St\u00e4tten<\/li>\n<li><a href=\"http:\/\/icomos.at\/wp2021\/wp-content\/uploads\/2021\/04\/1999_Charta-vernakula\u0308res-Erbe.pdf\" target=\"_blank\" rel=\"noopener\">1999: Die Charta zur vernakul\u00e4ren Bauerbe (Bauerbe im l\u00e4ndlichen Raum)<\/a><\/li>\n<li><a href=\"http:\/\/icomos.at\/wp2021\/wp-content\/uploads\/2021\/04\/1999_Internationale-Charta-Kulturtourismus.pdf\" target=\"_blank\" rel=\"noopener\">1999: Die Internationale Charta des Kulturtourismus<\/a><\/li>\n<li>1999: Die Grunds\u00e4tze zur Erhaltung historischer Holzstrukturen<\/li>\n<li>2003: Die Grunds\u00e4tze f\u00fcr die Erhaltung und Konservierung \/ Restaurierung von Wandmalereien<\/li>\n<li>2003: Die Grunds\u00e4tze zur Analyse, Konservierung und Restaurierung der Baustruktur von Denkm\u00e4lern<\/li>\n<li>2005: Die Erkl\u00e4rung von Xi\u2019an zur Erhaltung des Umfelds von Baudenkm\u00e4lern, historischen St\u00e4tten und Denkmalbereichen<\/li>\n<li><a href=\"http:\/\/icomos.at\/wp2021\/wp-content\/uploads\/2021\/04\/2008_Die-Charta-der-Kulturstrasen.pdf\" target=\"_blank\" rel=\"noopener\">2008: Die Charta der Kulturstra\u00dfen<\/a><\/li>\n<li><a href=\"http:\/\/icomos.at\/wp2021\/wp-content\/uploads\/2021\/04\/1999_Internationale-Charta-Kulturtourismus.pdf\" target=\"_blank\" rel=\"noopener\">2008: Die Charta zur Interpretation und Pr\u00e4sentation von Kulturerbest\u00e4tten<\/a><\/li>\n<\/ul>\n","protected":false},"excerpt":{"rendered":"<p>Zur Kernaufgabe von ICOMOS geh\u00f6rt es, die Anwendung von Theorien, Methoden und wissenschaftlicher Verfahren zur Erhaltung des architektonischen und arch\u00e4ologischen Erbes zu f\u00f6rdern, und zwar weltweit. Dazu bedarf es vor allem internationaler Richtlinien und Grunds\u00e4tze, die von den ICOMOS ExpertInnen, selbstverst\u00e4ndlich in Zusammenarbeit mit ExpertInnen seiner Partnerorganisationen, und spezifiziert durch verschiedene Wissenschaftskomitees (International Scientific Comittees&hellip;&nbsp;<a href=\"http:\/\/icomos.at\/wp2021\/integriert\/grundsatze\/richtlinien-und-empfehlungen-in-dt-sprache\/\" class=\"\" rel=\"bookmark\">Weiterlesen &raquo;<span class=\"screen-reader-text\">Internationale Richtlinien und Empfehlungen<\/span><\/a><\/p>\n","protected":false},"author":1,"featured_media":0,"parent":2050,"menu_order":1,"comment_status":"closed","ping_status":"closed","template":"","meta":{"neve_meta_sidebar":"full-width","neve_meta_container":"","neve_meta_enable_content_width":"on","neve_meta_content_width":100,"neve_meta_title_alignment":"","neve_meta_author_avatar":"","neve_post_elements_order":"","neve_meta_disable_header":"","neve_meta_disable_footer":"","neve_meta_disable_title":"","_ti_tpc_template_sync":false,"_ti_tpc_template_id":"","footnotes":""},"class_list":["post-410","page","type-page","status-publish","hentry"],"_links":{"self":[{"href":"http:\/\/icomos.at\/wp2021\/wp-json\/wp\/v2\/pages\/410"}],"collection":[{"href":"http:\/\/icomos.at\/wp2021\/wp-json\/wp\/v2\/pages"}],"about":[{"href":"http:\/\/icomos.at\/wp2021\/wp-json\/wp\/v2\/types\/page"}],"author":[{"embeddable":true,"href":"http:\/\/icomos.at\/wp2021\/wp-json\/wp\/v2\/users\/1"}],"replies":[{"embeddable":true,"href":"http:\/\/icomos.at\/wp2021\/wp-json\/wp\/v2\/comments?post=410"}],"version-history":[{"count":12,"href":"http:\/\/icomos.at\/wp2021\/wp-json\/wp\/v2\/pages\/410\/revisions"}],"predecessor-version":[{"id":2056,"href":"http:\/\/icomos.at\/wp2021\/wp-json\/wp\/v2\/pages\/410\/revisions\/2056"}],"up":[{"embeddable":true,"href":"http:\/\/icomos.at\/wp2021\/wp-json\/wp\/v2\/pages\/2050"}],"wp:attachment":[{"href":"http:\/\/icomos.at\/wp2021\/wp-json\/wp\/v2\/media?parent=410"}],"curies":[{"name":"wp","href":"https:\/\/api.w.org\/{rel}","templated":true}]}}