{"id":420,"date":"2020-11-02T22:20:15","date_gmt":"2020-11-02T22:20:15","guid":{"rendered":"http:\/\/icomos.at\/wp2021\/?page_id=420"},"modified":"2021-09-27T14:23:36","modified_gmt":"2021-09-27T14:23:36","slug":"sudosteuropa-netzwerk","status":"publish","type":"page","link":"http:\/\/icomos.at\/wp2021\/integriert\/netzwerke\/sudosteuropa-netzwerk\/","title":{"rendered":"S\u00fcdost-Europa-Netzwerk"},"content":{"rendered":"<p>2010 schlossen sich die s\u00fcdosteurop\u00e4ischen Nationalkomitees von ICOMOS zu einem Netzwerk zusammen, um eine solide Plattform f\u00fcr die wissenschaftliche Zusammenarbeit zum gebauten Kulturerbe der Region sicher zu stellen. Das Netzwerk soll vor allem der j\u00fcngeren Generation an ICOMOS-Mitgliedern zur Diskussion regionalspezifischer Probleme dienen und sie durch Erfahrungsaustausch mit \u00e4lteren Mitgliedern an L\u00f6sungsoptionen heranf\u00fchren. Ein erstes Treffen fand 2010 auf Einladung des ungarischen Nationalkomitees statt. 2011 traf man sich in Slowenien.<\/p>\n<p><strong>S\u00fcdost-Europa Regionalkonferenz Wien 2013<br \/>\n<\/strong>Bei der im Oktober 2013 abgehaltenen Regionaltagung in Wien stand das gemeinsame gebaute Erbe der Habsburger-Monarchie und die noch aus der k.k. Zeit stammende, moderne Denkmalpflegetheorie im Vordergrund. Ein weiterer Schwerpunkt lag auf dem Denkmal vertr\u00e4glichen, zeitgen\u00f6ssischen Bauen im Bestand.<br \/>\n<a href=\"http:\/\/icomos.at\/wp2021\/wp-content\/uploads\/2021\/04\/SEE_Meeting_2013_Programme.pdf\" target=\"_blank\" rel=\"noopener\">Programmfolder SEE-Meeting Wien 2013<\/a><\/p>\n<p><strong>Neue ICOMOS-Gruppe im Kosovo<br \/>\n<\/strong>Auf Basis des 2013 einstimmig gefassten Beschlusses zur Gr\u00fcndung einer ICOMOS Gruppe im Kosovo (der v\u00f6lkerrechtliche Status des Kosovo l\u00e4sst kein Nationalkomitee zu) konnte J\u00e4ger-Klein diesen Beschluss bereits 2014 erfolgreich umsetzen. Mittlerweile hat die ICOMOS-Gruppe im Kosovo einen aktuellen Heritage-at-Risk-Report f\u00fcr die Ver\u00f6ffentlichungsperiode 2016-19 zuwege gebracht. Die nun schon ansehnliche Gruppe an Mitgliedern arbeitet derzeit an einer zeitgem\u00e4\u00dfen, nationalen Vorschlagsliste f\u00fcr UNESCO-Welterbest\u00e4tten in der Region. Zudem konnte die Gruppe 2019 \u00fcber einen <a href=\"https:\/\/www.icomos.org\/en\/about-icomos\/governance\/general-information-on-the-international-secretariat\/77-articles-en-francais\/58431-demolition-threat-for-the-department-store-germia-in-kosovo\" target=\"_blank\" rel=\"noopener\">internationalen ICOMOS Heritage Alert das G\u00ebrmia-Kaufhaus<\/a>, ein h\u00f6chst anspruchsvolles Beispiel sp\u00e4tmoderner Architektur in Prishtina vor dem Abbruch retten.<\/p>\n<p><strong>S\u00fcdost-Europa Regionalkonferenz, Kotor 2019<br \/>\n<\/strong>Caroline J\u00e4ger-Klein gelang es, in Kooperation mit dem Kulturministerium von Montenegro, f\u00fcr Ende September 2019 eine weitere Regionaltagung zu Stande zu bringen, die in Kotor abgehalten wurde. Diesmal nahmen sowohl der ICOMOS-Pr\u00e4sident Toshiyuki Kono, der ehemalige Vizepr\u00e4sident Benjamin Mouton und der Europa-Gruppensprecher Grellan Rourke pers\u00f6nlich teil. Das Treffen wurde durch den Kulturminister von Montenegro und den B\u00fcrgermeister von Kotor sowie Prinz Nikola Petrovic Njegos, selbst ICOMOS-Mitglied, er\u00f6ffnet. Die wichtigsten Erkenntnisse in K\u00fcrze: in der Region gibt es eklatant zu wenige Expertinnen und Experten f\u00fcr das reiche Kulturerbe. Verbessert werden soll dieser aktuelle Zustand mit einer ICOMOS-Akademie, die in Montenegro ihren Sitz haben wird. Zudem wird ICOMOS als Netzwerk dienen, um unkompliziert und informell Informationen \u00fcber das gemeinsame Kulturerbe der Region austauschen zu k\u00f6nnen.<br \/>\n<a href=\"http:\/\/icomos.at\/wp2021\/wp-content\/uploads\/2021\/04\/SEE_Meeting_2019_Programme.pdf\" target=\"_blank\" rel=\"noopener\">Programmfolder SEE-Meeting Kotor 2019<\/a><\/p>\n<p><img fetchpriority=\"high\" decoding=\"async\" class=\"alignnone wp-image-2044\" src=\"http:\/\/icomos.at\/wp2021\/wp-content\/uploads\/2021\/04\/SEE_Meeting_2019_CJK-450x300.jpg\" alt=\"\" width=\"525\" height=\"350\" srcset=\"http:\/\/icomos.at\/wp2021\/wp-content\/uploads\/2021\/04\/SEE_Meeting_2019_CJK-450x300.jpg 450w, http:\/\/icomos.at\/wp2021\/wp-content\/uploads\/2021\/04\/SEE_Meeting_2019_CJK-1024x683.jpg 1024w, http:\/\/icomos.at\/wp2021\/wp-content\/uploads\/2021\/04\/SEE_Meeting_2019_CJK-768x512.jpg 768w, http:\/\/icomos.at\/wp2021\/wp-content\/uploads\/2021\/04\/SEE_Meeting_2019_CJK-1536x1024.jpg 1536w, http:\/\/icomos.at\/wp2021\/wp-content\/uploads\/2021\/04\/SEE_Meeting_2019_CJK-2048x1365.jpg 2048w, http:\/\/icomos.at\/wp2021\/wp-content\/uploads\/2021\/04\/SEE_Meeting_2019_CJK-930x620.jpg 930w\" sizes=\"(max-width: 525px) 100vw, 525px\" \/><br \/>\n<em>Die internationale ICOMOS Spitze (von rechts: Rourke, Mouton, Kono) folgt aufmerksam den Ausf\u00fchrungen der noch jungen, regionalen ICOMOS-Experten zum Status des UNESCO-Welterbes in der Bucht von Kotor, 2019 (Foto: Caroline J\u00e4ger-Klein)<\/em><\/p>\n","protected":false},"excerpt":{"rendered":"<p>2010 schlossen sich die s\u00fcdosteurop\u00e4ischen Nationalkomitees von ICOMOS zu einem Netzwerk zusammen, um eine solide Plattform f\u00fcr die wissenschaftliche Zusammenarbeit zum gebauten Kulturerbe der Region sicher zu stellen. Das Netzwerk soll vor allem der j\u00fcngeren Generation an ICOMOS-Mitgliedern zur Diskussion regionalspezifischer Probleme dienen und sie durch Erfahrungsaustausch mit \u00e4lteren Mitgliedern an L\u00f6sungsoptionen heranf\u00fchren. Ein erstes&hellip;&nbsp;<a href=\"http:\/\/icomos.at\/wp2021\/integriert\/netzwerke\/sudosteuropa-netzwerk\/\" class=\"\" rel=\"bookmark\">Weiterlesen &raquo;<span class=\"screen-reader-text\">S\u00fcdost-Europa-Netzwerk<\/span><\/a><\/p>\n","protected":false},"author":1,"featured_media":0,"parent":2052,"menu_order":6,"comment_status":"closed","ping_status":"closed","template":"","meta":{"neve_meta_sidebar":"full-width","neve_meta_container":"","neve_meta_enable_content_width":"on","neve_meta_content_width":100,"neve_meta_title_alignment":"","neve_meta_author_avatar":"","neve_post_elements_order":"","neve_meta_disable_header":"","neve_meta_disable_footer":"","neve_meta_disable_title":"","_ti_tpc_template_sync":false,"_ti_tpc_template_id":"","footnotes":""},"class_list":["post-420","page","type-page","status-publish","hentry"],"_links":{"self":[{"href":"http:\/\/icomos.at\/wp2021\/wp-json\/wp\/v2\/pages\/420"}],"collection":[{"href":"http:\/\/icomos.at\/wp2021\/wp-json\/wp\/v2\/pages"}],"about":[{"href":"http:\/\/icomos.at\/wp2021\/wp-json\/wp\/v2\/types\/page"}],"author":[{"embeddable":true,"href":"http:\/\/icomos.at\/wp2021\/wp-json\/wp\/v2\/users\/1"}],"replies":[{"embeddable":true,"href":"http:\/\/icomos.at\/wp2021\/wp-json\/wp\/v2\/comments?post=420"}],"version-history":[{"count":7,"href":"http:\/\/icomos.at\/wp2021\/wp-json\/wp\/v2\/pages\/420\/revisions"}],"predecessor-version":[{"id":2058,"href":"http:\/\/icomos.at\/wp2021\/wp-json\/wp\/v2\/pages\/420\/revisions\/2058"}],"up":[{"embeddable":true,"href":"http:\/\/icomos.at\/wp2021\/wp-json\/wp\/v2\/pages\/2052"}],"wp:attachment":[{"href":"http:\/\/icomos.at\/wp2021\/wp-json\/wp\/v2\/media?parent=420"}],"curies":[{"name":"wp","href":"https:\/\/api.w.org\/{rel}","templated":true}]}}