{"id":429,"date":"2020-11-02T22:24:37","date_gmt":"2020-11-02T22:24:37","guid":{"rendered":"http:\/\/icomos.at\/wp2021\/?page_id=429"},"modified":"2021-04-19T09:29:21","modified_gmt":"2021-04-19T09:29:21","slug":"kommuniziert","status":"publish","type":"page","link":"http:\/\/icomos.at\/wp2021\/kommuniziert\/","title":{"rendered":"Kommuniziert"},"content":{"rendered":"<p>Auftrag und Anliegen von ICOMOS werden durch seine Mitglieder durch <strong>Veranstaltungen<\/strong> wie \u00f6ffentliche Vortragsserien, Aktivit\u00e4ten am Internationalen Tag des Denkmals 18. April (IDMS) und durch einen tempor\u00e4ren Informationsstand auf Konferenzen wie die CHNT Wien und Messen wie die Monumento in Salzburg weitergegeben.<\/p>\n<p>Selbstverst\u00e4ndlich erscheinen regelm\u00e4\u00dfig <strong>Publikationen<\/strong> wie die MONUMENTA-Serie der deutschsprachigen ICOMOS-Nationalkomitees, die Auftrag und Anliegen von ICOMOS in schriftlicher und gedruckter Form weitergeben.<\/p>\n<p>Als unabdingbar notwendig erscheint ein <strong>Glossar<\/strong>, das die verschiedenen Fachausdr\u00fccke, aber auch die involvierten Organisationen, Institutionen und NGOs systematisch erkl\u00e4rt.<\/p>\n","protected":false},"excerpt":{"rendered":"<p>Auftrag und Anliegen von ICOMOS werden durch seine Mitglieder durch Veranstaltungen wie \u00f6ffentliche Vortragsserien, Aktivit\u00e4ten am Internationalen Tag des Denkmals 18. April (IDMS) und durch einen tempor\u00e4ren Informationsstand auf Konferenzen wie die CHNT Wien und Messen wie die Monumento in Salzburg weitergegeben. Selbstverst\u00e4ndlich erscheinen regelm\u00e4\u00dfig Publikationen wie die MONUMENTA-Serie der deutschsprachigen ICOMOS-Nationalkomitees, die Auftrag und&hellip;&nbsp;<a href=\"http:\/\/icomos.at\/wp2021\/kommuniziert\/\" class=\"\" rel=\"bookmark\">Weiterlesen &raquo;<span class=\"screen-reader-text\">Kommuniziert<\/span><\/a><\/p>\n","protected":false},"author":1,"featured_media":0,"parent":0,"menu_order":4,"comment_status":"closed","ping_status":"closed","template":"","meta":{"neve_meta_sidebar":"full-width","neve_meta_container":"","neve_meta_enable_content_width":"on","neve_meta_content_width":100,"neve_meta_title_alignment":"","neve_meta_author_avatar":"","neve_post_elements_order":"","neve_meta_disable_header":"","neve_meta_disable_footer":"","neve_meta_disable_title":"","_ti_tpc_template_sync":false,"_ti_tpc_template_id":"","footnotes":""},"class_list":["post-429","page","type-page","status-publish","hentry"],"_links":{"self":[{"href":"http:\/\/icomos.at\/wp2021\/wp-json\/wp\/v2\/pages\/429"}],"collection":[{"href":"http:\/\/icomos.at\/wp2021\/wp-json\/wp\/v2\/pages"}],"about":[{"href":"http:\/\/icomos.at\/wp2021\/wp-json\/wp\/v2\/types\/page"}],"author":[{"embeddable":true,"href":"http:\/\/icomos.at\/wp2021\/wp-json\/wp\/v2\/users\/1"}],"replies":[{"embeddable":true,"href":"http:\/\/icomos.at\/wp2021\/wp-json\/wp\/v2\/comments?post=429"}],"version-history":[{"count":2,"href":"http:\/\/icomos.at\/wp2021\/wp-json\/wp\/v2\/pages\/429\/revisions"}],"predecessor-version":[{"id":1808,"href":"http:\/\/icomos.at\/wp2021\/wp-json\/wp\/v2\/pages\/429\/revisions\/1808"}],"wp:attachment":[{"href":"http:\/\/icomos.at\/wp2021\/wp-json\/wp\/v2\/media?parent=429"}],"curies":[{"name":"wp","href":"https:\/\/api.w.org\/{rel}","templated":true}]}}