{"id":4602,"date":"2024-08-11T19:04:55","date_gmt":"2024-08-11T19:04:55","guid":{"rendered":"http:\/\/icomos.at\/wp2021\/?page_id=4602"},"modified":"2025-10-23T14:48:36","modified_gmt":"2025-10-23T12:48:36","slug":"workshops","status":"publish","type":"page","link":"http:\/\/icomos.at\/wp2021\/kommuniziert\/veranstaltungen\/workshops\/","title":{"rendered":"Workshops"},"content":{"rendered":"\t\t<div data-elementor-type=\"wp-page\" data-elementor-id=\"4602\" class=\"elementor elementor-4602\" data-elementor-post-type=\"page\">\n\t\t\t\t\t\t<section class=\"elementor-section elementor-top-section elementor-element elementor-element-4764b8e7 elementor-section-boxed elementor-section-height-default elementor-section-height-default\" data-id=\"4764b8e7\" data-element_type=\"section\">\n\t\t\t\t\t\t<div class=\"elementor-container elementor-column-gap-default\">\n\t\t\t\t\t<div class=\"elementor-column elementor-col-100 elementor-top-column elementor-element elementor-element-1bc1ea6\" data-id=\"1bc1ea6\" data-element_type=\"column\">\n\t\t\t<div class=\"elementor-widget-wrap elementor-element-populated\">\n\t\t\t\t\t\t<div class=\"elementor-element elementor-element-514df3ae elementor-widget elementor-widget-text-editor\" data-id=\"514df3ae\" data-element_type=\"widget\" data-widget_type=\"text-editor.default\">\n\t\t\t\t<div class=\"elementor-widget-container\">\n\t\t\t\t\t\t\t<p dir=\"ltr\">Gutachtert\u00e4tigkeit im Rahmen von Kultur- und Welterbevertr\u00e4glichkeitspr\u00fcfungen<\/p><p dir=\"ltr\">Da Welterbest\u00e4tten zunehmendem menschlichen und nat\u00fcrlichen Druck sowie vielf\u00e4ltigen Bedrohungen ausgesetzt sind, sind Heritage Impact Assessments (HIA) \u2013 also Bewertungen der Auswirkungen auf das Erbe \u2013 zu einem unverzichtbaren Instrument geworden, um potenzielle Risiken zu steuern und zu mindern. HIAs sind projektspezifische Bewertungen, die untersuchen, wie vorgeschlagene Ver\u00e4nderungen \u2013 insbesondere Entwicklungsprojekte \u2013 den au\u00dfergew\u00f6hnlichen universellen Wert (Outstanding Universal Value, OUV) und andere Attribute einer St\u00e4tte beeinflussen k\u00f6nnten. Sie bieten einen strukturierten Rahmen, um zu bestimmen, ob ein Projekt fortgef\u00fchrt werden sollte und wie potenziell negative Auswirkungen vermieden oder gemindert werden k\u00f6nnen.<\/p><p dir=\"ltr\">Als Reaktion auf die wachsende Nachfrage hat ICOMOS international die Workshop-Reihe \u201eCapacity Building for Heritage Impact Assessment in a World Heritage Context\u201c entwickelt. Das Format richtet sich an die Mitglieder der nationalen ICOMOS-Komitees sowie den zentralen Akteuren des Welterbes. Die Teilnehmenden erwerben praktische Erfahrung und Kenntnisse \u00fcber bew\u00e4hrte Verfahren bei der Durchf\u00fchrung von HIA, um sicherzustellen, dass Denkmalschutz und Kulturerhalt fest in den Entscheidungsprozessen verankert sind.<\/p><p dir=\"ltr\">Das Schulungsprogramm basiert auf der im Jahr 2022 ver\u00f6ffentlichten Publikation \u201eGuidance and Toolkit for Impact Assessments in a World Heritage Context\u201c, die von den beratenden Gremien ICOMOS, ICCROM und IUCN gemeinsam mit der UNESCO im Rahmen des World Heritage Leadership Programme erarbeitet wurde.\u00a0<\/p>\t\t\t\t\t\t<\/div>\n\t\t\t\t<\/div>\n\t\t\t\t\t<\/div>\n\t\t<\/div>\n\t\t\t\t\t<\/div>\n\t\t<\/section>\n\t\t\t\t<\/div>\n\t\t","protected":false},"excerpt":{"rendered":"<p>Gutachtert\u00e4tigkeit im Rahmen von Kultur- und Welterbevertr\u00e4glichkeitspr\u00fcfungen Da Welterbest\u00e4tten zunehmendem menschlichen und nat\u00fcrlichen Druck sowie vielf\u00e4ltigen Bedrohungen ausgesetzt sind, sind Heritage Impact Assessments (HIA) \u2013 also Bewertungen der Auswirkungen auf das Erbe \u2013 zu einem unverzichtbaren Instrument geworden, um potenzielle Risiken zu steuern und zu mindern. HIAs sind projektspezifische Bewertungen, die untersuchen, wie vorgeschlagene Ver\u00e4nderungen&hellip;&nbsp;<a href=\"http:\/\/icomos.at\/wp2021\/kommuniziert\/veranstaltungen\/workshops\/\" class=\"\" rel=\"bookmark\">Weiterlesen &raquo;<span class=\"screen-reader-text\">Workshops<\/span><\/a><\/p>\n","protected":false},"author":3,"featured_media":0,"parent":433,"menu_order":1,"comment_status":"closed","ping_status":"closed","template":"","meta":{"neve_meta_sidebar":"full-width","neve_meta_container":"","neve_meta_enable_content_width":"off","neve_meta_content_width":100,"neve_meta_title_alignment":"","neve_meta_author_avatar":"","neve_post_elements_order":"","neve_meta_disable_header":"","neve_meta_disable_footer":"","neve_meta_disable_title":"","_ti_tpc_template_sync":false,"_ti_tpc_template_id":"","footnotes":""},"class_list":["post-4602","page","type-page","status-publish","hentry"],"_links":{"self":[{"href":"http:\/\/icomos.at\/wp2021\/wp-json\/wp\/v2\/pages\/4602"}],"collection":[{"href":"http:\/\/icomos.at\/wp2021\/wp-json\/wp\/v2\/pages"}],"about":[{"href":"http:\/\/icomos.at\/wp2021\/wp-json\/wp\/v2\/types\/page"}],"author":[{"embeddable":true,"href":"http:\/\/icomos.at\/wp2021\/wp-json\/wp\/v2\/users\/3"}],"replies":[{"embeddable":true,"href":"http:\/\/icomos.at\/wp2021\/wp-json\/wp\/v2\/comments?post=4602"}],"version-history":[{"count":14,"href":"http:\/\/icomos.at\/wp2021\/wp-json\/wp\/v2\/pages\/4602\/revisions"}],"predecessor-version":[{"id":4819,"href":"http:\/\/icomos.at\/wp2021\/wp-json\/wp\/v2\/pages\/4602\/revisions\/4819"}],"up":[{"embeddable":true,"href":"http:\/\/icomos.at\/wp2021\/wp-json\/wp\/v2\/pages\/433"}],"wp:attachment":[{"href":"http:\/\/icomos.at\/wp2021\/wp-json\/wp\/v2\/media?parent=4602"}],"curies":[{"name":"wp","href":"https:\/\/api.w.org\/{rel}","templated":true}]}}