{"id":729,"date":"2020-12-07T22:09:07","date_gmt":"2020-12-07T22:09:07","guid":{"rendered":"http:\/\/icomos.at\/wp2021\/?page_id=729"},"modified":"2022-07-25T11:55:55","modified_gmt":"2022-07-25T11:55:55","slug":"monumenta-icomos","status":"publish","type":"page","link":"http:\/\/icomos.at\/wp2021\/kommuniziert\/publikationen\/monumenta-icomos\/","title":{"rendered":"Monumenta-Ausgaben"},"content":{"rendered":"<p><strong>Internationale Grunds\u00e4tze und Richtlinien der Denkmalpflege \/ Principes et directives internationaux pour la conservation \/ International Principles and Guidelines for Conservation <\/strong><strong>(Monumenta I)<\/strong><br \/>\nHerausgegeben von \/ edited by \/ \u00e9dit\u00e9 par ICOMOS Deutschland, ICOMOS Luxemburg, ICOMOS \u00d6sterreich, ICOMOS Schweiz<br \/>\nStuttgart 2012, ISBN 978-3-8167-8647-4<br \/>\n<a href=\"https:\/\/www.icomos.de\/admin\/ckeditor\/plugins\/alphamanager\/uploads\/pdf\/Monumenta_I.pdf\">Download der Publikation im PDF-Format (6,4 MB)<\/a><\/p>\n<hr \/>\n<p><strong>Michael Petzet: Conservation of Monuments and Sites \u2013 International Principles in Theory and Practice \/ Denkmalpflege \u2013 Internationale Grunds\u00e4tze in Theorie und Praxis <\/strong><strong>(Monumenta II)<br \/>\n<\/strong>Herausgegeben von \/ edited by \/ \u00e9dit\u00e9 par ICOMOS Deutschland, ICOMOS Luxemburg, ICOMOS \u00d6sterreich, ICOMOS Schweiz<br \/>\nBerlin 2013, ISBN 978-3-930388-22-6<br \/>\n<a href=\"https:\/\/www.icomos.de\/admin\/ckeditor\/plugins\/alphamanager\/uploads\/pdf\/monumenta2.pdf\">Download der Publikation im PDF-Format (11 MB)<\/a><\/p>\n<hr \/>\n<p><strong>Eine Zukunft f\u00fcr unsere Vergangenheit. Zum 40. Jubil\u00e4um des Europ\u00e4ischen Denkmalschutzjahres (1975\u20132015) \/ A Future for Our Past. The 40th Anniversary of European Architectural Heritage Year (1975\u20132015) \/ Un Avenir pour Notre Pass\u00e9. 40e Anniversaire de l&#8217;Ann\u00e9e Europ\u00e9enne du Patrimoine Architectural (1975\u20132015) <\/strong><strong>(Monumenta III)<br \/>\n<\/strong>Herausgegeben von \/ edited by \/ \u00e9dit\u00e9 par Michael Falser, Wilfried Lipp (ICOMOS \u00d6sterreich\/Austria\/Autriche)<br \/>\nBerlin 2015, ISBN 978-3-945880-03-6<br \/>\n<a href=\"https:\/\/www.icomos.de\/icomos\/pdf\/41610-133750-1-sm.pdf\">Download der Publikation im PDF-Format (25 MB)<\/a>Lesen Sie dazu die Rezensionen von:<br \/>\n<a href=\"https:\/\/www.icomos.de\/admin\/ckeditor\/plugins\/alphamanager\/uploads\/pdf\/Mager_Rezension_MonumentaIII.pdf\">Tino Mager (PDF, 114 KB)<\/a><br \/>\n<a href=\"https:\/\/www.icomos.de\/admin\/ckeditor\/plugins\/alphamanager\/uploads\/pdf\/Mahringer_Rezension_MonumentaIII.pdf\">Paul Mahringer \/ \u00d6sterr. Zeitschrift f\u00fcr Kunst und Denkmalpflege (PDF, 3,8 MB)<\/a><\/p>\n<hr \/>\n<p><strong>Denkmal ohne Grenzen. Deutschsprachige Texte &#8211; vom Europ\u00e4ischen Denkmalschutzjahr 1975 zum Europ\u00e4ischen Kulturerbejahr 2018 \/ Heritage without Borders. German-language Texts &#8211; from the European Architectural Heritage Year 1975 to the European Year of Cultural Heritage 2018 \/ Patrimoine sans fronti\u00e8res. Textes an langue allemande &#8211; de l&#8217;Ann\u00e9e europ\u00e9enne du patrimoine architectural 1975 \u00e0 l&#8217;Ann\u00e9e europ\u00e9enne du patrimoine culturel 2018 <\/strong><strong>(Monumenta IV)<\/strong><br \/>\nHerausgegeben von \/ edited by \/ \u00e9dit\u00e9s par Sigrid Brandt, J\u00f6rg Haspel, John Ziesemer<br \/>\nBerlin 2020, ISBN 978-3-945880-49-4<br \/>\n<a href=\"https:\/\/www.icomos.de\/icomos\/pdf\/monumenta_iv.pdf\">Download der Publikation im PDF-Format (6 MB)<\/a>Lesen Sie dazu auch die Presseinformation sowie die Gru\u00dfworte anl\u00e4sslich der Buchvorstellung bei der Monumento Salzburg 2020:<br \/>\nPresseinformation <a href=\"https:\/\/www.icomos.de\/icomos\/pdf\/waschzettel-monumenta-iv_deu.pdf\">Deutsch<\/a> <a href=\"https:\/\/www.icomos.de\/icomos\/pdf\/waschzettel-monumenta_iv_eng.pdf\">English<\/a> <a href=\"https:\/\/www.icomos.de\/icomos\/pdf\/waschzettel-monumenta-iv_fra.pdf\">Francais<\/a><br \/>\nGru\u00dfwort ICOMOS UK <a href=\"https:\/\/www.icomos.de\/icomos\/pdf\/grusswort_icomos_uk_deu.pdf\">Deutsch<\/a> <a href=\"https:\/\/www.icomos.de\/icomos\/pdf\/grusswort_icomos_uk_eng.pdf\">English<\/a> <a href=\"https:\/\/www.icomos.de\/icomos\/pdf\/grusswort_icomos_uk_fra.pdf\">Francais<\/a><br \/>\nGru\u00dfwort ICOMOS Belgique <a href=\"https:\/\/www.icomos.de\/icomos\/pdf\/grusswort_icomos_belgique_deu.pdf\">Deutsch<\/a> <a href=\"https:\/\/www.icomos.de\/icomos\/pdf\/grusswort_icomos_belgique_eng.pdf\">English<\/a> <a href=\"https:\/\/www.icomos.de\/icomos\/pdf\/grusswort_icomos_belgique_fra.pdf\">Francais<\/a><\/p>\n<hr \/>\n<p>&nbsp;<\/p>\n","protected":false},"excerpt":{"rendered":"<p>Internationale Grunds\u00e4tze und Richtlinien der Denkmalpflege \/ Principes et directives internationaux pour la conservation \/ International Principles and Guidelines for Conservation (Monumenta I) Herausgegeben von \/ edited by \/ \u00e9dit\u00e9 par ICOMOS Deutschland, ICOMOS Luxemburg, ICOMOS \u00d6sterreich, ICOMOS Schweiz Stuttgart 2012, ISBN 978-3-8167-8647-4 Download der Publikation im PDF-Format (6,4 MB) Michael Petzet: Conservation of Monuments&hellip;&nbsp;<a href=\"http:\/\/icomos.at\/wp2021\/kommuniziert\/publikationen\/monumenta-icomos\/\" class=\"\" rel=\"bookmark\">Weiterlesen &raquo;<span class=\"screen-reader-text\">Monumenta-Ausgaben<\/span><\/a><\/p>\n","protected":false},"author":1,"featured_media":0,"parent":435,"menu_order":1,"comment_status":"closed","ping_status":"closed","template":"","meta":{"neve_meta_sidebar":"full-width","neve_meta_container":"","neve_meta_enable_content_width":"on","neve_meta_content_width":100,"neve_meta_title_alignment":"","neve_meta_author_avatar":"","neve_post_elements_order":"","neve_meta_disable_header":"","neve_meta_disable_footer":"","neve_meta_disable_title":"","_ti_tpc_template_sync":false,"_ti_tpc_template_id":"","footnotes":""},"class_list":["post-729","page","type-page","status-publish","hentry"],"_links":{"self":[{"href":"http:\/\/icomos.at\/wp2021\/wp-json\/wp\/v2\/pages\/729"}],"collection":[{"href":"http:\/\/icomos.at\/wp2021\/wp-json\/wp\/v2\/pages"}],"about":[{"href":"http:\/\/icomos.at\/wp2021\/wp-json\/wp\/v2\/types\/page"}],"author":[{"embeddable":true,"href":"http:\/\/icomos.at\/wp2021\/wp-json\/wp\/v2\/users\/1"}],"replies":[{"embeddable":true,"href":"http:\/\/icomos.at\/wp2021\/wp-json\/wp\/v2\/comments?post=729"}],"version-history":[{"count":8,"href":"http:\/\/icomos.at\/wp2021\/wp-json\/wp\/v2\/pages\/729\/revisions"}],"predecessor-version":[{"id":3125,"href":"http:\/\/icomos.at\/wp2021\/wp-json\/wp\/v2\/pages\/729\/revisions\/3125"}],"up":[{"embeddable":true,"href":"http:\/\/icomos.at\/wp2021\/wp-json\/wp\/v2\/pages\/435"}],"wp:attachment":[{"href":"http:\/\/icomos.at\/wp2021\/wp-json\/wp\/v2\/media?parent=729"}],"curies":[{"name":"wp","href":"https:\/\/api.w.org\/{rel}","templated":true}]}}