{"id":788,"date":"2021-01-23T19:34:10","date_gmt":"2021-01-23T19:34:10","guid":{"rendered":"http:\/\/icomos.at\/wp2021\/?page_id=788"},"modified":"2025-01-20T00:14:49","modified_gmt":"2025-01-19T22:14:49","slug":"impressum","status":"publish","type":"page","link":"http:\/\/icomos.at\/wp2021\/impressum\/","title":{"rendered":"Impressum"},"content":{"rendered":"<p><strong>ICOMOS Austria \u2013 \u00d6sterreichisches Nationalkomitee des International Council on Monuments and Sites<br \/>\n<\/strong>Karlsplatz 13<br \/>\nA-1040 Vienna<br \/>\nTU Wien, E251-01 &#8211; Forschungsbereich Baugeschichte und Bauforschung<\/p>\n<p>E-Mail: <a href=\"mailto:office@icomos.at\">office@icomos.at<\/a><br \/>\nWeb: <a href=\"http:\/\/www.icomos.at\">www.icomos.at<\/a><br \/>\nPhone: +43 670 605 60 94<\/p>\n<p>ZVR-Zahl: 1748360563<\/p>\n<p>&nbsp;<\/p>\n<p><strong>\u00dcbersetzungen ins Englische: <\/strong>N.N.<\/p>\n<p><strong>Webdesign :\u00a0<\/strong><a href=\"http:\/\/www.miroslavmalinovic.com\">Miroslav Malinovic<\/a> &amp; <a href=\"mailto:lukaf@t-com.me\">Luka Filipovic<\/a><\/p>\n<p>&nbsp;<\/p>\n<p><strong>Urheberrechte<br \/>\n<\/strong>Sowohl das Design als auch die Inhalte dieser Website sind urheberrechtlich gesch\u00fctzt. Die Verwendung bzw. Vervielf\u00e4ltigung von Texten oder Bildmaterial der Website bedarf der ausdr\u00fccklichen vorherigen schriftlichen Zustimmung von ICOMOS Austria.<\/p>\n<p>Obwohl die Informationen auf dieser Website laufend gepr\u00fcft und erg\u00e4nzt werden, k\u00f6nnen Daten ihre Aktualit\u00e4t verloren haben. Es wird keine Haftung f\u00fcr Sch\u00e4den \u00fcbernommen, die sich aus der Nutzung dieser Website ergeben. F\u00fcr die Inhalte externer Links \u00fcbernehmen wir keine Haftung, daf\u00fcr sind ausschlie\u00dflich deren Betreiber verantwortlich.<\/p>\n<p>&nbsp;<\/p>\n","protected":false},"excerpt":{"rendered":"<p>ICOMOS Austria \u2013 \u00d6sterreichisches Nationalkomitee des International Council on Monuments and Sites Karlsplatz 13 A-1040 Vienna TU Wien, E251-01 &#8211; Forschungsbereich Baugeschichte und Bauforschung E-Mail: office@icomos.at Web: www.icomos.at Phone: +43 670 605 60 94 ZVR-Zahl: 1748360563 &nbsp; \u00dcbersetzungen ins Englische: N.N. Webdesign :\u00a0Miroslav Malinovic &amp; Luka Filipovic &nbsp; Urheberrechte Sowohl das Design als auch die&hellip;&nbsp;<a href=\"http:\/\/icomos.at\/wp2021\/impressum\/\" class=\"\" rel=\"bookmark\">Weiterlesen &raquo;<span class=\"screen-reader-text\">Impressum<\/span><\/a><\/p>\n","protected":false},"author":1,"featured_media":0,"parent":0,"menu_order":0,"comment_status":"closed","ping_status":"closed","template":"","meta":{"neve_meta_sidebar":"full-width","neve_meta_container":"","neve_meta_enable_content_width":"on","neve_meta_content_width":100,"neve_meta_title_alignment":"","neve_meta_author_avatar":"","neve_post_elements_order":"","neve_meta_disable_header":"","neve_meta_disable_footer":"","neve_meta_disable_title":"","_ti_tpc_template_sync":false,"_ti_tpc_template_id":"","footnotes":""},"class_list":["post-788","page","type-page","status-publish","hentry"],"_links":{"self":[{"href":"http:\/\/icomos.at\/wp2021\/wp-json\/wp\/v2\/pages\/788"}],"collection":[{"href":"http:\/\/icomos.at\/wp2021\/wp-json\/wp\/v2\/pages"}],"about":[{"href":"http:\/\/icomos.at\/wp2021\/wp-json\/wp\/v2\/types\/page"}],"author":[{"embeddable":true,"href":"http:\/\/icomos.at\/wp2021\/wp-json\/wp\/v2\/users\/1"}],"replies":[{"embeddable":true,"href":"http:\/\/icomos.at\/wp2021\/wp-json\/wp\/v2\/comments?post=788"}],"version-history":[{"count":5,"href":"http:\/\/icomos.at\/wp2021\/wp-json\/wp\/v2\/pages\/788\/revisions"}],"predecessor-version":[{"id":4777,"href":"http:\/\/icomos.at\/wp2021\/wp-json\/wp\/v2\/pages\/788\/revisions\/4777"}],"wp:attachment":[{"href":"http:\/\/icomos.at\/wp2021\/wp-json\/wp\/v2\/media?parent=788"}],"curies":[{"name":"wp","href":"https:\/\/api.w.org\/{rel}","templated":true}]}}