{"id":238,"date":"2020-11-01T22:08:55","date_gmt":"2020-11-01T22:08:55","guid":{"rendered":"http:\/\/icomos.at\/wp2021\/?page_id=238"},"modified":"2021-04-02T08:54:56","modified_gmt":"2021-04-02T08:54:56","slug":"unser-auftrag","status":"publish","type":"page","link":"https:\/\/icomos.at\/wp2021\/icomos\/icomos-austria\/unser-auftrag\/","title":{"rendered":"Unser Auftrag"},"content":{"rendered":"<p>&#8220;Wenn vom Welterbe die Rede ist \u2013 sei es im positiven Kontext von Eintragungen auf die UNESCO Liste oder im kritischen Zusammenhang mit Konflikten \u2013 dann findet h\u00e4ufig auch ICOMOS Erw\u00e4hnung. Wof\u00fcr die Institution mit seiner K\u00fcrzel Chiffre steht, soll nachstehendes Stenogramm aufkl\u00e4ren.&#8221; (Wilfried Lipp, Beitrag erschienen im ISG 3\/2013)<\/p>\n<p>ICOMOS ist die Abk\u00fcrzung f\u00fcr \u201eInternational Council on Monuments and Sites\u201c und wird in der deutschen Version als \u201eInternationaler Denkmalrat\u201c bezeichnet. Er verk\u00f6rpert die Summe aller ICOMOS Nationalkomitees. Die Nationalkomitees sind sozusagen Au\u00dfenstellen der Pariser Zentrale und unverzichtbare Einheiten in der Wahrnehmung und Erf\u00fcllung der Aufgaben und Ziele im Dienste der Bewahrung und F\u00f6rderung des Kulturerbes. Das \u00f6sterreichische Nationalkomitee ICOMOS Austria hat derzeit mehr als 80 Mitglieder, deren Mandat auf Basis nachgewiesener Expertenschaft beruht. Zu den Aufgaben und Zielen des Nationalkomitees z\u00e4hlt u.a. die Teilhabe an den Vorhaben und Entscheidungen von ICOMOS International im Rahmen der Generalversammlung und der Konferenzen des Advisory Komitees, im engeren nationalen Bereich die Mitwirkung bei den UNESCO\/ICOMOS Missions, die in den letzten Jahren Anlassf\u00e4lle in den Welterbegebieten von Wien, Salzburg, Graz, Fert\u00f6\/Neusiedlersee und Semmering betrafen. Von zentraler Bedeutung ist jedoch die laufende Beobachtung und Beratung der Welterbest\u00e4tten. Das Nationalkomitee erf\u00fcllt damit die wichtige Aufgabe der permanenten Kontrolle und konstruktiven Hilfestellung zur angemessenen Wahrung des Zustandes und der Entwicklung der \u00f6sterreichischen Welterbest\u00e4tten.<\/p>\n<p>Das Nationalkomitee von ICOMOS setzt sich auf nationaler und internationaler Ebene f\u00fcr die Erhaltung von Denkm\u00e4lern, Ensembles und Kulturlandschaften ein. Um die Fachwelt und \u00d6ffentlichkeit zu beraten und das \u00f6ffentliche Interesse f\u00fcr Denkmalschutz und Denkmalpflege zu f\u00f6rdern, ist das \u00f6sterreichische Nationalkomitee von ICOMOS u.a. in folgenden Bereichen aktiv:<\/p>\n<ul>\n<li>Monitoring und Information zu den Denkm\u00e4lern auf der Liste des Weltkulturerbes,<\/li>\n<li>Vorbereitung und Durchf\u00fchrung von internationalen Kolloquien und Tagungen zu Fragen des Denkmalschutzes und der Denkmalpflege,<\/li>\n<li>Publikation der Tagungsergebnisse und wichtiger Grundsatzpapiere zur Denkmalpflege,<\/li>\n<li>Zusammenarbeit mit anderen Nationalen Komitees sowie mit verschiedenen nationalen Gremien (Vereinigung der Landesdenkmalpfleger, \u00d6sterreichische UNESCO-Kommission, BDA) und mit internationalen Organisationen (UNESCO, ICCROM, Europarat).<\/li>\n<\/ul>\n","protected":false},"excerpt":{"rendered":"<p>&#8220;Wenn vom Welterbe die Rede ist \u2013 sei es im positiven Kontext von Eintragungen auf die UNESCO Liste oder im kritischen Zusammenhang mit Konflikten \u2013 dann findet h\u00e4ufig auch ICOMOS Erw\u00e4hnung. Wof\u00fcr die Institution mit seiner K\u00fcrzel Chiffre steht, soll nachstehendes Stenogramm aufkl\u00e4ren.&#8221; (Wilfried Lipp, Beitrag erschienen im ISG 3\/2013) ICOMOS ist die Abk\u00fcrzung f\u00fcr&hellip;&nbsp;<a href=\"https:\/\/icomos.at\/wp2021\/icomos\/icomos-austria\/unser-auftrag\/\" class=\"\" rel=\"bookmark\">Weiterlesen &raquo;<span class=\"screen-reader-text\">Unser Auftrag<\/span><\/a><\/p>\n","protected":false},"author":1,"featured_media":0,"parent":225,"menu_order":1,"comment_status":"closed","ping_status":"closed","template":"","meta":{"neve_meta_sidebar":"full-width","neve_meta_container":"","neve_meta_enable_content_width":"on","neve_meta_content_width":100,"neve_meta_title_alignment":"","neve_meta_author_avatar":"","neve_post_elements_order":"","neve_meta_disable_header":"","neve_meta_disable_footer":"","neve_meta_disable_title":"","_ti_tpc_template_sync":false,"_ti_tpc_template_id":"","footnotes":""},"class_list":["post-238","page","type-page","status-publish","hentry"],"_links":{"self":[{"href":"https:\/\/icomos.at\/wp2021\/wp-json\/wp\/v2\/pages\/238"}],"collection":[{"href":"https:\/\/icomos.at\/wp2021\/wp-json\/wp\/v2\/pages"}],"about":[{"href":"https:\/\/icomos.at\/wp2021\/wp-json\/wp\/v2\/types\/page"}],"author":[{"embeddable":true,"href":"https:\/\/icomos.at\/wp2021\/wp-json\/wp\/v2\/users\/1"}],"replies":[{"embeddable":true,"href":"https:\/\/icomos.at\/wp2021\/wp-json\/wp\/v2\/comments?post=238"}],"version-history":[{"count":12,"href":"https:\/\/icomos.at\/wp2021\/wp-json\/wp\/v2\/pages\/238\/revisions"}],"predecessor-version":[{"id":913,"href":"https:\/\/icomos.at\/wp2021\/wp-json\/wp\/v2\/pages\/238\/revisions\/913"}],"up":[{"embeddable":true,"href":"https:\/\/icomos.at\/wp2021\/wp-json\/wp\/v2\/pages\/225"}],"wp:attachment":[{"href":"https:\/\/icomos.at\/wp2021\/wp-json\/wp\/v2\/media?parent=238"}],"curies":[{"name":"wp","href":"https:\/\/api.w.org\/{rel}","templated":true}]}}