{"id":240,"date":"2020-11-01T22:09:09","date_gmt":"2020-11-01T22:09:09","guid":{"rendered":"http:\/\/icomos.at\/wp2021\/?page_id=240"},"modified":"2022-07-18T15:05:32","modified_gmt":"2022-07-18T15:05:32","slug":"geschichte-icomos-austria","status":"publish","type":"page","link":"https:\/\/icomos.at\/wp2021\/icomos\/icomos-austria\/geschichte-icomos-austria\/","title":{"rendered":"Geschichte ICOMOS Austria"},"content":{"rendered":"<p>Der Internationale Rat f\u00fcr Denkmalpflege ICOMOS (International Council on Monuments and Sites) wurde 1965 gegr\u00fcndet , nachdem 1964 in Venedig am zweiten internationalen Kongress der Architekten und Techniker in der Denkmalpflege die <strong>Charta von Venedig<\/strong> verabschiedet wurde. Unter den 23 Unterzeichnern der Charta von Venedig <strong>repr\u00e4sentierte<\/strong> <strong>Gertrude Tripp <\/strong>(*1914 \u2013 \u2020 2006) \u00d6sterreich. Sie begann ihren beruflichen Werdegang parallel im Kunsthistorischen Museum von Wien und am Kunsthistorischen Institut, dem Vorg\u00e4nger des Bundesdenkmalamtes, f\u00fcr das sie von 1946 bis 1981 t\u00e4tig war. Tripp war bis zu ihrem Tod Mitglied des \u00f6sterreichischen Nationalkomitees.<\/p>\n<p><img decoding=\"async\" class=\"wp-image-1819 alignnone\" src=\"http:\/\/icomos.at\/wp2021\/wp-content\/uploads\/2021\/04\/Gertrude-Tripp-@BDA-Fotoarchiv-330x450.jpg\" alt=\"\" width=\"176\" height=\"240\" srcset=\"https:\/\/icomos.at\/wp2021\/wp-content\/uploads\/2021\/04\/Gertrude-Tripp-@BDA-Fotoarchiv-330x450.jpg 330w, https:\/\/icomos.at\/wp2021\/wp-content\/uploads\/2021\/04\/Gertrude-Tripp-@BDA-Fotoarchiv-750x1024.jpg 750w, https:\/\/icomos.at\/wp2021\/wp-content\/uploads\/2021\/04\/Gertrude-Tripp-@BDA-Fotoarchiv-768x1048.jpg 768w, https:\/\/icomos.at\/wp2021\/wp-content\/uploads\/2021\/04\/Gertrude-Tripp-@BDA-Fotoarchiv-1126x1536.jpg 1126w, https:\/\/icomos.at\/wp2021\/wp-content\/uploads\/2021\/04\/Gertrude-Tripp-@BDA-Fotoarchiv-1501x2048.jpg 1501w, https:\/\/icomos.at\/wp2021\/wp-content\/uploads\/2021\/04\/Gertrude-Tripp-@BDA-Fotoarchiv-scaled.jpg 1876w\" sizes=\"(max-width: 176px) 100vw, 176px\" \/>\u00a0 Gertrude Tripp (Foto: BDA, Fotoarchiv)<\/p>\n<p><strong>Geleitet<\/strong> wurde das \u00d6sterreichische Nationalkomittee von ICOMOS jedoch bis in den Dezember 2002 durch den <strong>Generalkonservator des Bundesdenkmalamtes (BDA) in Personalunion<\/strong>. Damals l\u00f6ste der Ober\u00f6sterreichische Landeskonservator des Bundesdenkmalamtes <strong>Wilfried Lipp<\/strong> (*1945) durch eine erstmals angesetzte Wahl der Mitglieder den Generalkonservator Ernst Bacher an der Spitze von ICOMOS \u00d6sterreich ab. Lipp wurde dann im, von ICOMOS International vorgegebenen, Abstand von jeweils drei Jahren als Vorsitzender des Nationalkomitees wiedergew\u00e4hlt. 2018 k\u00fcndigte er seinen R\u00fccktritt an, und forderte die Mitglieder des Nationalkomitees zu Teambewerbungen um seine Nachfolge auf. <span lang=\"DE-AT\" style=\"color: #000000;\">Ein <strong>interdisziplin\u00e4res<\/strong> Team \u2013 zu gro\u00dfen Teilen aus der universit\u00e4ren Szene im Bereich der <strong>internationalen Denkmalpflege und Bauforschung<\/strong> kommend \u2013 um <strong>Caroline J\u00e4ger-Klein<\/strong> (*1966) konnte sich in der Wahl durchsetzen.<\/span><\/p>\n","protected":false},"excerpt":{"rendered":"<p>Der Internationale Rat f\u00fcr Denkmalpflege ICOMOS (International Council on Monuments and Sites) wurde 1965 gegr\u00fcndet , nachdem 1964 in Venedig am zweiten internationalen Kongress der Architekten und Techniker in der Denkmalpflege die Charta von Venedig verabschiedet wurde. Unter den 23 Unterzeichnern der Charta von Venedig repr\u00e4sentierte Gertrude Tripp (*1914 \u2013 \u2020 2006) \u00d6sterreich. Sie begann&hellip;&nbsp;<a href=\"https:\/\/icomos.at\/wp2021\/icomos\/icomos-austria\/geschichte-icomos-austria\/\" class=\"\" rel=\"bookmark\">Weiterlesen &raquo;<span class=\"screen-reader-text\">Geschichte ICOMOS Austria<\/span><\/a><\/p>\n","protected":false},"author":1,"featured_media":0,"parent":225,"menu_order":2,"comment_status":"closed","ping_status":"closed","template":"","meta":{"neve_meta_sidebar":"full-width","neve_meta_container":"","neve_meta_enable_content_width":"on","neve_meta_content_width":100,"neve_meta_title_alignment":"","neve_meta_author_avatar":"","neve_post_elements_order":"","neve_meta_disable_header":"","neve_meta_disable_footer":"","neve_meta_disable_title":"","_ti_tpc_template_sync":false,"_ti_tpc_template_id":"","footnotes":""},"class_list":["post-240","page","type-page","status-publish","hentry"],"_links":{"self":[{"href":"https:\/\/icomos.at\/wp2021\/wp-json\/wp\/v2\/pages\/240"}],"collection":[{"href":"https:\/\/icomos.at\/wp2021\/wp-json\/wp\/v2\/pages"}],"about":[{"href":"https:\/\/icomos.at\/wp2021\/wp-json\/wp\/v2\/types\/page"}],"author":[{"embeddable":true,"href":"https:\/\/icomos.at\/wp2021\/wp-json\/wp\/v2\/users\/1"}],"replies":[{"embeddable":true,"href":"https:\/\/icomos.at\/wp2021\/wp-json\/wp\/v2\/comments?post=240"}],"version-history":[{"count":13,"href":"https:\/\/icomos.at\/wp2021\/wp-json\/wp\/v2\/pages\/240\/revisions"}],"predecessor-version":[{"id":3098,"href":"https:\/\/icomos.at\/wp2021\/wp-json\/wp\/v2\/pages\/240\/revisions\/3098"}],"up":[{"embeddable":true,"href":"https:\/\/icomos.at\/wp2021\/wp-json\/wp\/v2\/pages\/225"}],"wp:attachment":[{"href":"https:\/\/icomos.at\/wp2021\/wp-json\/wp\/v2\/media?parent=240"}],"curies":[{"name":"wp","href":"https:\/\/api.w.org\/{rel}","templated":true}]}}