{"id":246,"date":"2020-11-01T22:10:34","date_gmt":"2020-11-01T22:10:34","guid":{"rendered":"http:\/\/icomos.at\/wp2021\/?page_id=246"},"modified":"2024-08-11T18:15:02","modified_gmt":"2024-08-11T18:15:02","slug":"mitglied-werden","status":"publish","type":"page","link":"https:\/\/icomos.at\/wp2021\/icomos\/icomos-austria\/mitglied-werden\/","title":{"rendered":"Mitglied werden"},"content":{"rendered":"<div>\n<p>Personen und Institutionen, die sich mit der Bewahrung des kulturellen Erbes und der Denkmalpflege besch\u00e4ftigen, weitere Erfahrung sammeln und sich vernetzen m\u00f6chten, sind herzlich willkommen.<\/p>\n<p><strong>Vorteile der Mitgliedschaft<\/strong><br \/>\n&#8211; Werden Sie Teil eines starken internationalen Netzwerks!<br \/>\n&#8211; Schlie\u00dfen Sie sich einem der zahlreichen internationalen Fachkomitees an!<br \/>\n&#8211; Tragen Sie aktiv zum Schutz des Weltkulturerbes bei! Wir engagieren uns f\u00fcr die Denkmalpflege und den Erhalt des kulturellen Welterbes in \u00d6sterreich.<br \/>\n&#8211; Bleiben Sie immer am Laufenden! Sie erhalten regelm\u00e4\u00dfig Informationen \u00fcber aktuelle Themen unserer Arbeit durch den Bezug unseres Newsletters.<br \/>\n&#8211; Seien Sie dabei! Treffen Sie die ICOMOS Community bei nationalen und internationalen Symposien, Seminaren und Konferenzen.<br \/>\n&#8211; Besuchen Sie Welterbest\u00e4tten und Museen in aller Welt! Mit der ICOMOS Mitgliederkarte erhalten Sie weltweit freien bzw. erm\u00e4\u00dfigten Eintritt.<\/p>\n<p><strong>J\u00e4hrlicher Mitgliedsbeitrag<\/strong><br \/>\n&#8211; individuelle Mitglieder: \u20ac 150,00<br \/>\n&#8211; Emerging Professionals zwischen 30 und 35 Jahren: \u20ac 100,00<br \/>\n&#8211; Emerging Professionals unter 30 Jahren: \u20ac 50,00<\/p>\n<\/div>\n<p><strong>Statuten<\/strong><br \/>\n&#8211; diese finden Sie als PDF-Datei (Stand 19.06.2021) <a href=\"http:\/\/icomos.at\/wp2021\/wp-content\/uploads\/2022\/01\/2021-06-19_Statuten-ICOMOS-Austria.pdf\" target=\"_blank\" rel=\"noopener\">hier<\/a> zum Download.<\/p>\n<div class=\"nv-content-wrap entry-content\"><\/div>\n<div>\n<p><strong>Bewerbungsunterlagen<\/strong><br \/>\n&#8211; <a href=\"http:\/\/icomos.at\/wp2021\/wp-content\/uploads\/2022\/07\/2022_ICOMOS-Mitgliedschaft-Formular.pdf\" target=\"_blank\" rel=\"noopener noreferrer\">Mitgliedsantrag<\/a> (hier downloaden)<br \/>\n&#8211; Lebenslauf<br \/>\n&#8211; Motivationsschreiben<br \/>\n&#8211; zwei Empfehlungsschreiben von bestehenden Mitgliedern von ICOMOS<\/p>\n<p>Bitte f\u00fcllen Sie den Mitgliedsantrag aus und schicken Sie ihn zusammen mit Ihrem Lebenslauf, Ihrem Motivationsschreiben und zwei Unterst\u00fctzungserkl\u00e4rungen von bestehenden Mitgliedern an office@icomos.at &#8211; wir werden uns umgehend bei Ihnen melden.<\/p>\n<p>Vielen Dank und hoffentlich bis bald bei ICOMOS Austria!<\/p>\n<p>Wir freuen uns auf Sie!<\/p>\n<p>ICOMOS Austria<\/p>\n<\/div>\n<div><\/div>\n<h4>Mitgliederstand Ende 2023: 96<\/h4>\n","protected":false},"excerpt":{"rendered":"<p>Personen und Institutionen, die sich mit der Bewahrung des kulturellen Erbes und der Denkmalpflege besch\u00e4ftigen, weitere Erfahrung sammeln und sich vernetzen m\u00f6chten, sind herzlich willkommen. Vorteile der Mitgliedschaft &#8211; Werden Sie Teil eines starken internationalen Netzwerks! &#8211; Schlie\u00dfen Sie sich einem der zahlreichen internationalen Fachkomitees an! &#8211; Tragen Sie aktiv zum Schutz des Weltkulturerbes bei!&hellip;&nbsp;<a href=\"https:\/\/icomos.at\/wp2021\/icomos\/icomos-austria\/mitglied-werden\/\" class=\"\" rel=\"bookmark\">Weiterlesen &raquo;<span class=\"screen-reader-text\">Mitglied werden<\/span><\/a><\/p>\n","protected":false},"author":1,"featured_media":0,"parent":225,"menu_order":7,"comment_status":"closed","ping_status":"closed","template":"","meta":{"neve_meta_sidebar":"full-width","neve_meta_container":"","neve_meta_enable_content_width":"on","neve_meta_content_width":100,"neve_meta_title_alignment":"","neve_meta_author_avatar":"","neve_post_elements_order":"","neve_meta_disable_header":"","neve_meta_disable_footer":"","neve_meta_disable_title":"","_ti_tpc_template_sync":false,"_ti_tpc_template_id":"","footnotes":""},"class_list":["post-246","page","type-page","status-publish","hentry"],"_links":{"self":[{"href":"https:\/\/icomos.at\/wp2021\/wp-json\/wp\/v2\/pages\/246"}],"collection":[{"href":"https:\/\/icomos.at\/wp2021\/wp-json\/wp\/v2\/pages"}],"about":[{"href":"https:\/\/icomos.at\/wp2021\/wp-json\/wp\/v2\/types\/page"}],"author":[{"embeddable":true,"href":"https:\/\/icomos.at\/wp2021\/wp-json\/wp\/v2\/users\/1"}],"replies":[{"embeddable":true,"href":"https:\/\/icomos.at\/wp2021\/wp-json\/wp\/v2\/comments?post=246"}],"version-history":[{"count":20,"href":"https:\/\/icomos.at\/wp2021\/wp-json\/wp\/v2\/pages\/246\/revisions"}],"predecessor-version":[{"id":4597,"href":"https:\/\/icomos.at\/wp2021\/wp-json\/wp\/v2\/pages\/246\/revisions\/4597"}],"up":[{"embeddable":true,"href":"https:\/\/icomos.at\/wp2021\/wp-json\/wp\/v2\/pages\/225"}],"wp:attachment":[{"href":"https:\/\/icomos.at\/wp2021\/wp-json\/wp\/v2\/media?parent=246"}],"curies":[{"name":"wp","href":"https:\/\/api.w.org\/{rel}","templated":true}]}}