{"id":254,"date":"2020-11-01T22:15:14","date_gmt":"2020-11-01T22:15:14","guid":{"rendered":"http:\/\/icomos.at\/wp2021\/?page_id=254"},"modified":"2021-04-07T12:46:52","modified_gmt":"2021-04-07T12:46:52","slug":"geschichte-icomos-international","status":"publish","type":"page","link":"https:\/\/icomos.at\/wp2021\/icomos\/icomos-international\/geschichte-icomos-international\/","title":{"rendered":"Geschichte ICOMOS International"},"content":{"rendered":"<p>Der Sitz von ICOMOS International liegt nahe Paris. Die Organisationsstruktur gliedert sich im wesentlichen \u2013 entsprechend den Ergebnissen der alle drei Jahre anl\u00e4sslich der Generalversammlung stattfindenden Wahlen \u2013 in: Pr\u00e4sident, 5 Vizepr\u00e4sidenten mit spezifisch auf die 5 Kontinente bezogenen Zust\u00e4ndigkeiten, Generalsekret\u00e4r, Schatzmeister, Exekutivkomitee mit 20 Mitgliedern und weiteren kooptierten Vertretern sowie Repr\u00e4sentanten von Organisationseinheiten. Die administrativen und operativen Entscheidungen werden in diesen Gremien und deren Substrukturen getroffen. Als umfassendes Diskussionsforum dient die j\u00e4hrlich statt findende Konferenz des Advisory Komitees (ADCOM), das sich aus den Vertretern aller Nationalkomitees von ICOMOS zusammensetzt.<\/p>\n<p><span class=\"VIiyi\" lang=\"de\"><span class=\"JLqJ4b\" data-language-for-alternatives=\"de\" data-language-to-translate-into=\"auto\" data-phrase-index=\"0\">Bis zum Ende des 19. Jahrhunderts war das architektonische Erbe in Europa ausschlie\u00dflich ein nationales Anliegen, die meisten Gesetze zum Schutz historischer Geb\u00e4ude stammen aus dieser Zeit. In jedem Land gab es unz\u00e4hlige Organisationen und Vereinigungen, deren T\u00e4tigkeitsbereich jedoch nie \u00fcber die Landesgrenzen hinausging. Der &#8220;kulturelle Internationalismus&#8221; wie wir ihn heute kennen, nahm seinen Anfang nach Ende des Ersten Weltkriegs mit der Schaffung des V\u00f6lkerbundes, wurde aber vor allem nach dem Zweiten Weltkriegs mit der Gr\u00fcndung der Vereinten Nationen und der UNESCO vorangetrieben. <\/span><\/span><\/p>\n<p><span class=\"VIiyi\" lang=\"de\"><span class=\"JLqJ4b\" data-language-for-alternatives=\"de\" data-language-to-translate-into=\"auto\" data-phrase-index=\"0\">Die 1931 vom Internationalen Museumsb\u00fcro organisierte Athener Konferenz \u00fcber die Restaurierung historischer Geb\u00e4ude und die Athener Charta, die 1933 von Le Corbusier auf der vierten Versammlung der Internationalen Kongresse f\u00fcr moderne Architektur entworfen und 1941 in Paris anonym ver\u00f6ffentlicht wurde, waren ein wichtiger Schritt in der Entwicklung neuer Ideen, weil sie ein wachsendes Bewusstsein unter Fachleuten auf der ganzen Welt widerspiegelten und zum ersten Mal in der Geschichte das Konzept des internationalen kulturellen Erbes beinhalteten. <\/span><\/span><\/p>\n<p><span class=\"VIiyi\" lang=\"de\"><span class=\"JLqJ4b\" data-language-for-alternatives=\"de\" data-language-to-translate-into=\"auto\" data-phrase-index=\"0\">Die Charta von Venedig entstand schlie\u00dflich aus der Notwendigkeit heraus, unabh\u00e4ngig von der bereits bestehenden Vereinigung von Museologen (ICOM), eine Vereinigung von Spezialisten f\u00fcr Konservierung und Restaurierung zu gr\u00fcnden.<\/span><\/span><\/p>\n<p><span class=\"VIiyi\" lang=\"de\"><span class=\"JLqJ4b\" data-language-for-alternatives=\"de\" data-language-to-translate-into=\"auto\" data-phrase-index=\"0\">1957 empfahl der &#8220;Erste Kongress der Architekten und Denkmalpfleger&#8221; in Paris allen L\u00e4ndern, denen eine zentrale Organisation zum Schutz historischer Geb\u00e4ude fehlt, eine solche Beh\u00f6rde einzurichten. Dar\u00fcber hinaus sollten auf Anregung der UNESCO alle Mitgliedsstaaten der Internationalen Studienzentrale f\u00fcr die Erhaltung und Restaurierung von Kulturgut<\/span><\/span><span class=\"VIiyi\" lang=\"de\"><span class=\"JLqJ4b\" data-language-for-alternatives=\"de\" data-language-to-translate-into=\"auto\" data-phrase-index=\"0\"> (ICCROM, International Centre for the Study of the Preservation and Restoration of Cultural Property) in Rom beitreten. <\/span><\/span><\/p>\n<p><span class=\"VIiyi\" lang=\"de\"><span class=\"JLqJ4b\" data-language-for-alternatives=\"de\" data-language-to-translate-into=\"auto\" data-phrase-index=\"0\">Der &#8220;Zweite Kongress der Architekten und Denkmalpfleger&#8221; in Venedig im Jahr 1964 verabschiedete 13 Resolutionen. Die erste war die Internationale Restaurierungscharta, besser bekannt als die Charta von Venedig, die zweite sah auf Anregung der UNESCO die Schaffung des Internationalen Rates f\u00fcr Denkmalpflege, also ICOMOS, vor.<\/span><\/span><\/p>\n<p><span class=\"VIiyi\" lang=\"de\"><span class=\"JLqJ4b\" data-language-for-alternatives=\"de\" data-language-to-translate-into=\"auto\" data-phrase-index=\"0\">Weitere Details \u00fcber die Geschichte von ICOMOS erfahren Sie hier (in Englisch und Franz\u00f6sisch): <a href=\"https:\/\/www.icomos.org\/en\/resources\/publicationall\/icomos-bookshop\/116-english-categories\/resources\/publications\/309-sj-thirty-years-of-icomos\" target=\"_blank\" rel=\"noopener\">Scientific Journal &#8211; 30 Jahre ICOMOS.<\/a><br \/>\n<\/span><\/span><span class=\"VIiyi\" lang=\"de\"><span class=\"JLqJ4b\" data-language-for-alternatives=\"de\" data-language-to-translate-into=\"auto\" data-phrase-index=\"0\">Besuchen Sie daf\u00fcr auch die <a href=\"https:\/\/www.icomos.org\/en\/about-icomos\/2016-11-17-13-14-08\/1965-2015-icomos-50th-anniversary\" target=\"_blank\" rel=\"noopener\">Webseite zum 50-j\u00e4hrigen Jubil\u00e4um von ICOMOS<\/a> (Englisch und Franz\u00f6sisch).<\/span><\/span><\/p>\n","protected":false},"excerpt":{"rendered":"<p>Der Sitz von ICOMOS International liegt nahe Paris. Die Organisationsstruktur gliedert sich im wesentlichen \u2013 entsprechend den Ergebnissen der alle drei Jahre anl\u00e4sslich der Generalversammlung stattfindenden Wahlen \u2013 in: Pr\u00e4sident, 5 Vizepr\u00e4sidenten mit spezifisch auf die 5 Kontinente bezogenen Zust\u00e4ndigkeiten, Generalsekret\u00e4r, Schatzmeister, Exekutivkomitee mit 20 Mitgliedern und weiteren kooptierten Vertretern sowie Repr\u00e4sentanten von Organisationseinheiten. Die&hellip;&nbsp;<a href=\"https:\/\/icomos.at\/wp2021\/icomos\/icomos-international\/geschichte-icomos-international\/\" class=\"\" rel=\"bookmark\">Weiterlesen &raquo;<span class=\"screen-reader-text\">Geschichte ICOMOS International<\/span><\/a><\/p>\n","protected":false},"author":1,"featured_media":0,"parent":227,"menu_order":1,"comment_status":"closed","ping_status":"closed","template":"","meta":{"neve_meta_sidebar":"full-width","neve_meta_container":"","neve_meta_enable_content_width":"on","neve_meta_content_width":100,"neve_meta_title_alignment":"","neve_meta_author_avatar":"","neve_post_elements_order":"","neve_meta_disable_header":"","neve_meta_disable_footer":"","neve_meta_disable_title":"","_ti_tpc_template_sync":false,"_ti_tpc_template_id":"","footnotes":""},"class_list":["post-254","page","type-page","status-publish","hentry"],"_links":{"self":[{"href":"https:\/\/icomos.at\/wp2021\/wp-json\/wp\/v2\/pages\/254"}],"collection":[{"href":"https:\/\/icomos.at\/wp2021\/wp-json\/wp\/v2\/pages"}],"about":[{"href":"https:\/\/icomos.at\/wp2021\/wp-json\/wp\/v2\/types\/page"}],"author":[{"embeddable":true,"href":"https:\/\/icomos.at\/wp2021\/wp-json\/wp\/v2\/users\/1"}],"replies":[{"embeddable":true,"href":"https:\/\/icomos.at\/wp2021\/wp-json\/wp\/v2\/comments?post=254"}],"version-history":[{"count":9,"href":"https:\/\/icomos.at\/wp2021\/wp-json\/wp\/v2\/pages\/254\/revisions"}],"predecessor-version":[{"id":1251,"href":"https:\/\/icomos.at\/wp2021\/wp-json\/wp\/v2\/pages\/254\/revisions\/1251"}],"up":[{"embeddable":true,"href":"https:\/\/icomos.at\/wp2021\/wp-json\/wp\/v2\/pages\/227"}],"wp:attachment":[{"href":"https:\/\/icomos.at\/wp2021\/wp-json\/wp\/v2\/media?parent=254"}],"curies":[{"name":"wp","href":"https:\/\/api.w.org\/{rel}","templated":true}]}}