{"id":272,"date":"2020-11-01T22:17:15","date_gmt":"2020-11-01T22:17:15","guid":{"rendered":"http:\/\/icomos.at\/wp2021\/?page_id=272"},"modified":"2021-02-24T10:43:54","modified_gmt":"2021-02-24T10:43:54","slug":"icom","status":"publish","type":"page","link":"https:\/\/icomos.at\/wp2021\/icomos\/partner-organisationen\/icom\/","title":{"rendered":"ICOM \u00d6sterreich"},"content":{"rendered":"<p>ICOM ist eine 1946 gegr\u00fcndete und mit der UNESCO assoziierte Organisation und z\u00e4hlt 118 eigenst\u00e4ndige Nationalkomitees.\u00a0ICOM \u00d6sterreich,\u00a0 das \u00d6sterreichische Nationalkomitee des International Council of Museums (ICOM), ist die gr\u00f6\u00dfte heimische Organisation der Museen und Museumsfachleute und hat beratende Funktion bei den f\u00fcr Museumsangelegenheiten zust\u00e4ndigen Kontaktstellen des Bundes, der L\u00e4nder und auch der Gemeinden.<br \/>\n<a href=\"http:\/\/icom-oesterreich.at\/\" target=\"_blank\" rel=\"noopener\">http:\/\/icom-oesterreich.at\/<\/a><\/p>\n","protected":false},"excerpt":{"rendered":"<p>ICOM ist eine 1946 gegr\u00fcndete und mit der UNESCO assoziierte Organisation und z\u00e4hlt 118 eigenst\u00e4ndige Nationalkomitees.\u00a0ICOM \u00d6sterreich,\u00a0 das \u00d6sterreichische Nationalkomitee des International Council of Museums (ICOM), ist die gr\u00f6\u00dfte heimische Organisation der Museen und Museumsfachleute und hat beratende Funktion bei den f\u00fcr Museumsangelegenheiten zust\u00e4ndigen Kontaktstellen des Bundes, der L\u00e4nder und auch der Gemeinden. http:\/\/icom-oesterreich.at\/<\/p>\n","protected":false},"author":1,"featured_media":0,"parent":229,"menu_order":4,"comment_status":"closed","ping_status":"closed","template":"","meta":{"neve_meta_sidebar":"full-width","neve_meta_container":"","neve_meta_enable_content_width":"on","neve_meta_content_width":100,"neve_meta_title_alignment":"","neve_meta_author_avatar":"","neve_post_elements_order":"","neve_meta_disable_header":"","neve_meta_disable_footer":"","neve_meta_disable_title":"","_ti_tpc_template_sync":false,"_ti_tpc_template_id":"","footnotes":""},"class_list":["post-272","page","type-page","status-publish","hentry"],"_links":{"self":[{"href":"https:\/\/icomos.at\/wp2021\/wp-json\/wp\/v2\/pages\/272"}],"collection":[{"href":"https:\/\/icomos.at\/wp2021\/wp-json\/wp\/v2\/pages"}],"about":[{"href":"https:\/\/icomos.at\/wp2021\/wp-json\/wp\/v2\/types\/page"}],"author":[{"embeddable":true,"href":"https:\/\/icomos.at\/wp2021\/wp-json\/wp\/v2\/users\/1"}],"replies":[{"embeddable":true,"href":"https:\/\/icomos.at\/wp2021\/wp-json\/wp\/v2\/comments?post=272"}],"version-history":[{"count":6,"href":"https:\/\/icomos.at\/wp2021\/wp-json\/wp\/v2\/pages\/272\/revisions"}],"predecessor-version":[{"id":978,"href":"https:\/\/icomos.at\/wp2021\/wp-json\/wp\/v2\/pages\/272\/revisions\/978"}],"up":[{"embeddable":true,"href":"https:\/\/icomos.at\/wp2021\/wp-json\/wp\/v2\/pages\/229"}],"wp:attachment":[{"href":"https:\/\/icomos.at\/wp2021\/wp-json\/wp\/v2\/media?parent=272"}],"curies":[{"name":"wp","href":"https:\/\/api.w.org\/{rel}","templated":true}]}}