{"id":274,"date":"2020-11-01T22:17:33","date_gmt":"2020-11-01T22:17:33","guid":{"rendered":"http:\/\/icomos.at\/wp2021\/?page_id=274"},"modified":"2021-02-24T10:38:33","modified_gmt":"2021-02-24T10:38:33","slug":"iucn","status":"publish","type":"page","link":"https:\/\/icomos.at\/wp2021\/icomos\/partner-organisationen\/iucn\/","title":{"rendered":"IUCN"},"content":{"rendered":"<p>Die IUCN, die Internationale Union zur Erhaltung der Natur, ist eine Mitgliedervereinigung, die sich sowohl aus staatlichen als auch aus zivilgesellschaftlichen Organisationen zusammensetzt. Sie bringt die einflussreichsten Organisationen und Top-Experten der Welt zusammen um, die Natur zu erhalten und den \u00dcbergang zu einer nachhaltigen Entwicklung zu beschleunigen. Sie ist das offizielle Beratungsgremium f\u00fcr Natur im Rahmen der Welterbekonvention und bewertet die f\u00fcr die Welterbe-Liste nominierten St\u00e4tten und \u00fcber\u00adwacht den Erhaltungszustand der gelisteten St\u00e4tten. Ziel der IUCN ist es, das Management von Welterbest\u00e4tten zu verbessern und die Rolle der Welterbekonvention im Naturschutz und in der nachhaltigen Entwicklung zu st\u00e4rken.<br \/>\n<a href=\"https:\/\/www.iucn.org\/\" target=\"_blank\" rel=\"noopener\">https:\/\/www.iucn.org\/<\/a><\/p>\n","protected":false},"excerpt":{"rendered":"<p>Die IUCN, die Internationale Union zur Erhaltung der Natur, ist eine Mitgliedervereinigung, die sich sowohl aus staatlichen als auch aus zivilgesellschaftlichen Organisationen zusammensetzt. Sie bringt die einflussreichsten Organisationen und Top-Experten der Welt zusammen um, die Natur zu erhalten und den \u00dcbergang zu einer nachhaltigen Entwicklung zu beschleunigen. Sie ist das offizielle Beratungsgremium f\u00fcr Natur im&hellip;&nbsp;<a href=\"https:\/\/icomos.at\/wp2021\/icomos\/partner-organisationen\/iucn\/\" class=\"\" rel=\"bookmark\">Weiterlesen &raquo;<span class=\"screen-reader-text\">IUCN<\/span><\/a><\/p>\n","protected":false},"author":1,"featured_media":0,"parent":229,"menu_order":5,"comment_status":"closed","ping_status":"closed","template":"","meta":{"neve_meta_sidebar":"full-width","neve_meta_container":"","neve_meta_enable_content_width":"on","neve_meta_content_width":100,"neve_meta_title_alignment":"","neve_meta_author_avatar":"","neve_post_elements_order":"","neve_meta_disable_header":"","neve_meta_disable_footer":"","neve_meta_disable_title":"","_ti_tpc_template_sync":false,"_ti_tpc_template_id":"","footnotes":""},"class_list":["post-274","page","type-page","status-publish","hentry"],"_links":{"self":[{"href":"https:\/\/icomos.at\/wp2021\/wp-json\/wp\/v2\/pages\/274"}],"collection":[{"href":"https:\/\/icomos.at\/wp2021\/wp-json\/wp\/v2\/pages"}],"about":[{"href":"https:\/\/icomos.at\/wp2021\/wp-json\/wp\/v2\/types\/page"}],"author":[{"embeddable":true,"href":"https:\/\/icomos.at\/wp2021\/wp-json\/wp\/v2\/users\/1"}],"replies":[{"embeddable":true,"href":"https:\/\/icomos.at\/wp2021\/wp-json\/wp\/v2\/comments?post=274"}],"version-history":[{"count":4,"href":"https:\/\/icomos.at\/wp2021\/wp-json\/wp\/v2\/pages\/274\/revisions"}],"predecessor-version":[{"id":976,"href":"https:\/\/icomos.at\/wp2021\/wp-json\/wp\/v2\/pages\/274\/revisions\/976"}],"up":[{"embeddable":true,"href":"https:\/\/icomos.at\/wp2021\/wp-json\/wp\/v2\/pages\/229"}],"wp:attachment":[{"href":"https:\/\/icomos.at\/wp2021\/wp-json\/wp\/v2\/media?parent=274"}],"curies":[{"name":"wp","href":"https:\/\/api.w.org\/{rel}","templated":true}]}}