{"id":291,"date":"2020-11-01T22:27:24","date_gmt":"2020-11-01T22:27:24","guid":{"rendered":"http:\/\/icomos.at\/wp2021\/?page_id=291"},"modified":"2025-11-02T08:21:11","modified_gmt":"2025-11-02T06:21:11","slug":"arbeitsgruppen","status":"publish","type":"page","link":"https:\/\/icomos.at\/wp2021\/icomos\/icomos-austria\/arbeitsgruppen\/","title":{"rendered":"Arbeitsgruppen"},"content":{"rendered":"\t\t<div data-elementor-type=\"wp-page\" data-elementor-id=\"291\" class=\"elementor elementor-291\" data-elementor-post-type=\"page\">\n\t\t\t\t\t\t<section class=\"elementor-section elementor-top-section elementor-element elementor-element-578a8f43 elementor-section-boxed elementor-section-height-default elementor-section-height-default\" data-id=\"578a8f43\" data-element_type=\"section\">\n\t\t\t\t\t\t<div class=\"elementor-container elementor-column-gap-default\">\n\t\t\t\t\t<div class=\"elementor-column elementor-col-100 elementor-top-column elementor-element elementor-element-63e6025d\" data-id=\"63e6025d\" data-element_type=\"column\">\n\t\t\t<div class=\"elementor-widget-wrap elementor-element-populated\">\n\t\t\t\t\t\t<div class=\"elementor-element elementor-element-27761fc7 elementor-widget elementor-widget-text-editor\" data-id=\"27761fc7\" data-element_type=\"widget\" data-widget_type=\"text-editor.default\">\n\t\t\t\t<div class=\"elementor-widget-container\">\n\t\t\t\t\t\t\t<h4><span style=\"color: #000000;\">Arbeitsgruppe Monitoring<\/span><\/h4><p><span style=\"color: #000000;\">Das \u00f6sterreichische Nationalkomitee hat eine <a href=\"http:\/\/icomos.at\/wp2021\/evaluiert\/monitoring-des-welterbes\/kontakt-zur-monitoringruppe\/\">Monitoring Gruppe<\/a> installiert, bei der je ein\/e Monitoringverantwortliche\/r f\u00fcr eine Welterbest\u00e4tte zust\u00e4ndig ist. Zur Wahrnehmung dieser Aufgabe ist ein ausgepr\u00e4gtes Networking Voraussetzung, das die Kontakte zu den unmittelbar Betroffenen (Eigent\u00fcmern, Bauwerbern) ebenso pflegt, wie zu den zust\u00e4ndigen Organen der Bundes-, Landes- und Gemeindeverwaltung. Selbstverst\u00e4ndlich geh\u00f6rt auch die Anh\u00f6rung von Interessensgruppierungen und B\u00fcrgerinitiativen und das Einvernehmen mit dem die Agenden des Welterbes wahrnehmenden BMKOES, dem Bundesministerium f\u00fcr Kunst und Kultur, und der \u00f6sterreichischen UNESCO-Kommission zum Kontaktradius des pr\u00e4ventiven Monitoring. Die Monitoringaktivit\u00e4ten resultieren in der Regel in schriftlichen Expertisen, die \u2013 je nach Brisanz der F\u00e4lle \u2013 auch ICOMOS International und der UNESCO zur Kenntnis gebracht werden.<\/span><\/p><p><span style=\"color: #000000;\">Die Arbeitsgruppe wird von <a style=\"color: #000000;\" href=\"http:\/\/icomos.at\/wp2021\/icomos\/icomos-austria\/der-vorstand\/\"><strong><span style=\"color: #026d29;\">Ulrike Herbig<\/span><\/strong><\/a> geleitet.<\/span><\/p><hr \/><h4><span style=\"color: #000000;\">Arbeitsgruppe Emerging Professionals<\/span><\/h4><p><span style=\"color: #000000;\">Die Arbeitsgruppe \u201eICOMOS International <a href=\"http:\/\/icomos.at\/wp2021\/integriert\/netzwerke\/emerging-professionals\/\">Emerging Professionals<\/a>\u201c (EPWG) wurde 2017 als Reaktion auf die Forderung des ICOMOS-Jahresberichts 2016 zur Erweiterung der Emerging-Professional-Mitgliederbasis gegr\u00fcndet. Auf der 19. ICOMOS-Generalversammlung in Delhi, Indien, wurden neun Resolutionen verabschiedet, die die Rolle und den T\u00e4tigkeitsbereich der EPWG darstellten (siehe <\/span><a href=\"https:\/\/www.icomos.org\/images\/DOCUMENTS\/General_Assemblies\/19th_Delhi_2017\/19th_GA_Outcomes\/GA2017_Resolutions_EN_20180206finalcirc.pdf\" target=\"_blank\" rel=\"noopener\">hier<\/a><span style=\"color: #000000;\">). Von der EPWG werden internationale Telefonkonferenzen organisiert, um sich \u00fcber den Fortschritt laufender Initiativen auszutauschen und Nachwuchs-DenkmalpflegerInnen mit an Board zu holen.<\/span><\/p><p><span style=\"color: #000000;\">Die Arbeitsgruppe wird von <strong>Doris Grandits<\/strong> geleitet.<\/span><\/p><hr \/><h4><span style=\"color: #000000;\"><strong>Arbeitsgruppe Nachhaltigkeit und kulturelles Erbe<br \/><\/strong><\/span><\/h4><p><span style=\"color: #000000;\">Die Arbeitsgruppe \u201eNachhaltigkeit und kulturelles Erbe&#8221; (vormals \u201ePhotovoltaik im Welterbe&#8221;) widmet sich den erneuerbaren Energien und der Zirkularit\u00e4t im kulturellen Erbe sowie der energetischen Bewertung und Ert\u00fcchtigung von historischen Geb\u00e4uden. limawandel und Ressourcenknappheit als Herausforderungen der heutigen Zeit bedingen Trends in der Baubranche, die auch das baukulturelle Erbe betreffen. ICOMOS besch\u00e4ftigt sich in diesem Kontext mit der bestm\u00f6glichen Anpassung des Bestandes von kulturerberelevanten Bauten\/Bauwerken an diese Herausforderungen sowie einer ganzheitlich abw\u00e4genden Anwendung von Ma\u00dfnahmen, um den Zielen von Klimawandel und Ressourcenknappheit in den historischen Bauten angemessener Weise gerecht zu werden.<br \/><\/span><\/p><p><span style=\"color: #000000;\">Die Arbeitsgruppe wird von<strong> G\u00fcnter Dinhobl, Claudiu Silvestru und Fritz Idam<\/strong> geleitet.<\/span><\/p><hr \/><h4><span style=\"color: #000000;\"><strong>Arbeitsgruppe Recht und Kulturelles Erbe<\/strong><\/span><\/h4><p><span style=\"color: #000000;\">Der Auftrag der Arbeitsgruppe besteht darin, den Schutz und die Pflege des nationalen Kulturerbe nach den internationalen Empfehlungen und Richtlinien der UNESCO Welterbekonvention endlich in die \u00f6sterreichischen Rechtsmaterien (Bundesdenkmalschutzgesetz, Raumordnungen und Bauordnungen) einzubetten.<\/span><\/p><p><span style=\"color: #000000;\">Die Arbeitsgruppe wird von <span style=\"color: #026d29;\"><a style=\"color: #026d29;\" href=\"http:\/\/icomos.at\/wp2021\/icomos\/icomos-austria\/der-vorstand\/\"><strong>Manfred Matzka<\/strong><\/a><\/span>\u00a0geleitet.<\/span><\/p><hr \/><h4><span style=\"color: #000000;\">Arbeitsgruppe Best Practice Award<\/span><\/h4><p><span style=\"color: #000000;\">Seit der offiziellen Gr\u00fcndung der Arbeitsgruppe ICOMOS Austria Best Practice Award arbeitet das 6-k\u00f6pfige Kernteam mit Unterst\u00fctzung von weiteren Mitglieder intensiv am Konzept des Preises. Der erste Meilenstein &#8211; eine Kurzbeschreibung \u00fcber die Kriterien zur Auswahl der Projekte &#8211; wurde erstellt und an potenzielle Kooperationspartner \u00fcbermittelt: darunter die Kammer f\u00fcr Architekten und Ingenieurkonsulenten und die \u00d6sterreichische Gesellschaft f\u00fcr Architektur. Die Kurzbeschreibung kann <a style=\"color: #000000;\" href=\"http:\/\/icomos.at\/wp2021\/wp-content\/uploads\/2023\/09\/ICOMOS-Best-Practice-Award-Kurzbeschreibung-20230621.pdf\"><span style=\"color: #026d29;\">hier<\/span><\/a> heruntergeladen werden.<\/span><\/p><p><span style=\"color: #000000;\">Die Arbeitsgruppe wird von<strong> Claudiu Silvestru<\/strong> geleitet.<\/span><\/p><hr \/><h4><strong>A<span style=\"color: #000000;\">rbeitsgruppe\u00a0Freiraum und Landschaft als kulturelles Erbe<\/span><\/strong><\/h4><p style=\"text-align: left;\"><span style=\"color: #000000;\">Ziele der Arbeitsgruppe \u201eFreiraum und Landschaft als kulturelles Erbe\u201c sind die Vernetzung der Akteur:innen und die Sichtbarmachung \/ wissenschaftliche Bearbeitung eines kulturellen Erbes, das in \u00d6sterreich (auch auf Grund der spezifischen Blindheit des Denkmalschutzgesetzes f\u00fcr dieses Themenfeld) wenig Beachtung findet. Das Ganze geschieht in Referenz zur internationalen Denkmaltheorie und unter Anwendung eines offenen Denkmalbegriffs. Inhaltliche Schwerpunkte werden die \u00f6ffentlichen Freir\u00e4ume des 20. Jahrhunderts und die Denkmalwerte der Kulturlandschaften sein. <\/span><\/p><p style=\"text-align: left;\"><span style=\"color: #000000;\">Die Arbeitsgruppe wird von Ulrike Krippner und Hartmut Troll geleitet.<\/span><\/p>\t\t\t\t\t\t<\/div>\n\t\t\t\t<\/div>\n\t\t\t\t\t<\/div>\n\t\t<\/div>\n\t\t\t\t\t<\/div>\n\t\t<\/section>\n\t\t\t\t<\/div>\n\t\t","protected":false},"excerpt":{"rendered":"<p>Arbeitsgruppe Monitoring Das \u00f6sterreichische Nationalkomitee hat eine Monitoring Gruppe installiert, bei der je ein\/e Monitoringverantwortliche\/r f\u00fcr eine Welterbest\u00e4tte zust\u00e4ndig ist. Zur Wahrnehmung dieser Aufgabe ist ein ausgepr\u00e4gtes Networking Voraussetzung, das die Kontakte zu den unmittelbar Betroffenen (Eigent\u00fcmern, Bauwerbern) ebenso pflegt, wie zu den zust\u00e4ndigen Organen der Bundes-, Landes- und Gemeindeverwaltung. Selbstverst\u00e4ndlich geh\u00f6rt auch die Anh\u00f6rung&hellip;&nbsp;<a href=\"https:\/\/icomos.at\/wp2021\/icomos\/icomos-austria\/arbeitsgruppen\/\" class=\"\" rel=\"bookmark\">Weiterlesen &raquo;<span class=\"screen-reader-text\">Arbeitsgruppen<\/span><\/a><\/p>\n","protected":false},"author":1,"featured_media":0,"parent":225,"menu_order":6,"comment_status":"closed","ping_status":"closed","template":"","meta":{"neve_meta_sidebar":"full-width","neve_meta_container":"","neve_meta_enable_content_width":"on","neve_meta_content_width":100,"neve_meta_title_alignment":"","neve_meta_author_avatar":"","neve_post_elements_order":"","neve_meta_disable_header":"","neve_meta_disable_footer":"","neve_meta_disable_title":"","_ti_tpc_template_sync":false,"_ti_tpc_template_id":"","footnotes":""},"class_list":["post-291","page","type-page","status-publish","hentry"],"_links":{"self":[{"href":"https:\/\/icomos.at\/wp2021\/wp-json\/wp\/v2\/pages\/291"}],"collection":[{"href":"https:\/\/icomos.at\/wp2021\/wp-json\/wp\/v2\/pages"}],"about":[{"href":"https:\/\/icomos.at\/wp2021\/wp-json\/wp\/v2\/types\/page"}],"author":[{"embeddable":true,"href":"https:\/\/icomos.at\/wp2021\/wp-json\/wp\/v2\/users\/1"}],"replies":[{"embeddable":true,"href":"https:\/\/icomos.at\/wp2021\/wp-json\/wp\/v2\/comments?post=291"}],"version-history":[{"count":94,"href":"https:\/\/icomos.at\/wp2021\/wp-json\/wp\/v2\/pages\/291\/revisions"}],"predecessor-version":[{"id":4826,"href":"https:\/\/icomos.at\/wp2021\/wp-json\/wp\/v2\/pages\/291\/revisions\/4826"}],"up":[{"embeddable":true,"href":"https:\/\/icomos.at\/wp2021\/wp-json\/wp\/v2\/pages\/225"}],"wp:attachment":[{"href":"https:\/\/icomos.at\/wp2021\/wp-json\/wp\/v2\/media?parent=291"}],"curies":[{"name":"wp","href":"https:\/\/api.w.org\/{rel}","templated":true}]}}