{"id":304,"date":"2020-11-01T22:40:39","date_gmt":"2020-11-01T22:40:39","guid":{"rendered":"http:\/\/icomos.at\/wp2021\/?page_id=304"},"modified":"2024-08-11T18:02:43","modified_gmt":"2024-08-11T18:02:43","slug":"monitoring-des-welterbes","status":"publish","type":"page","link":"https:\/\/icomos.at\/wp2021\/evaluiert\/monitoring-des-welterbes\/","title":{"rendered":"Monitoring"},"content":{"rendered":"<h3 class=\"ZwberschriftStenogramm\">Monitoring<\/h3>\n<p>ICOMOS Austria versteht unter pr\u00e4ventivem Monitoring die fachliche Unterst\u00fctzung und Hilfestellung f\u00fcr die \u00f6sterreichischen Welterbest\u00e4tten-Verantwortlichen. Mittels pr\u00e4ventivem Monitoring werden &#8211; insbesondere in Welterbest\u00e4tten &#8211; Entwicklungen allf\u00e4lliger Ver\u00e4nderungen in r\u00e4umlicher und\/oder baulicher Hinsicht in einem fr\u00fchen Stadium systematisch und kontinuierlich erfasst und aufgezeigt. Zu jeder Welterbest\u00e4tte wird ein Monitoring-Team, bestehend aus, nach M\u00f6glichkeit, mindestens zwei Mitgliedern (Monitoring-Beauftragte), gebildet. Die Monitoring-Teams bilden zusammen die Monitoring-Gruppe. Das pr\u00e4ventive Monitoring erf\u00fcllt insbesondere eine beratende Hilfestellung f\u00fcr Verantwortliche der Welterbest\u00e4tten.<\/p>\n<p>&nbsp;<\/p>\n<p><main id=\"content\" class=\"neve-main\"><\/p>\n<div class=\"container single-page-container\">\n<div class=\"row\">\n<div class=\"nv-single-page-wrap col\">\n<div class=\"nv-page-title-wrap nv-big-title\">\n<div class=\"nv-page-title \">\n<h3>Monitoring-Manual<\/h3>\n<\/div>\n<\/div>\n<div class=\"nv-content-wrap entry-content\">\n<p>Das Monitoring-Manual gibt einen Einblick in die Arbeit der f\u00fcr das Monitoring verantwortlichen Mitglieder f\u00fcr die Welterbest\u00e4tten in \u00d6sterreich. Das Manual ist vor allem an jene Personen adressiert, die f\u00fcr das Management und die Entwicklung der Welterbest\u00e4tten in \u00d6sterreich verantwortlich sind.<\/p>\n<p>Das Monitoring-Manual kann <a href=\"http:\/\/icomos.at\/wp2021\/wp-content\/uploads\/2021\/04\/20210416_Monitoring_Manual.pdf\" target=\"_blank\" rel=\"noopener\">hier<\/a> eingesehen und heruntergeladen werden.<\/p>\n<\/div>\n<\/div>\n<\/div>\n<\/div>\n<p><\/main><\/p>\n","protected":false},"excerpt":{"rendered":"<p>Monitoring ICOMOS Austria versteht unter pr\u00e4ventivem Monitoring die fachliche Unterst\u00fctzung und Hilfestellung f\u00fcr die \u00f6sterreichischen Welterbest\u00e4tten-Verantwortlichen. Mittels pr\u00e4ventivem Monitoring werden &#8211; insbesondere in Welterbest\u00e4tten &#8211; Entwicklungen allf\u00e4lliger Ver\u00e4nderungen in r\u00e4umlicher und\/oder baulicher Hinsicht in einem fr\u00fchen Stadium systematisch und kontinuierlich erfasst und aufgezeigt. Zu jeder Welterbest\u00e4tte wird ein Monitoring-Team, bestehend aus, nach M\u00f6glichkeit, mindestens zwei&hellip;&nbsp;<a href=\"https:\/\/icomos.at\/wp2021\/evaluiert\/monitoring-des-welterbes\/\" class=\"\" rel=\"bookmark\">Weiterlesen &raquo;<span class=\"screen-reader-text\">Monitoring<\/span><\/a><\/p>\n","protected":false},"author":1,"featured_media":0,"parent":298,"menu_order":3,"comment_status":"closed","ping_status":"closed","template":"","meta":{"neve_meta_sidebar":"full-width","neve_meta_container":"","neve_meta_enable_content_width":"on","neve_meta_content_width":100,"neve_meta_title_alignment":"","neve_meta_author_avatar":"","neve_post_elements_order":"","neve_meta_disable_header":"","neve_meta_disable_footer":"","neve_meta_disable_title":"","_ti_tpc_template_sync":false,"_ti_tpc_template_id":"","footnotes":""},"class_list":["post-304","page","type-page","status-publish","hentry"],"_links":{"self":[{"href":"https:\/\/icomos.at\/wp2021\/wp-json\/wp\/v2\/pages\/304"}],"collection":[{"href":"https:\/\/icomos.at\/wp2021\/wp-json\/wp\/v2\/pages"}],"about":[{"href":"https:\/\/icomos.at\/wp2021\/wp-json\/wp\/v2\/types\/page"}],"author":[{"embeddable":true,"href":"https:\/\/icomos.at\/wp2021\/wp-json\/wp\/v2\/users\/1"}],"replies":[{"embeddable":true,"href":"https:\/\/icomos.at\/wp2021\/wp-json\/wp\/v2\/comments?post=304"}],"version-history":[{"count":7,"href":"https:\/\/icomos.at\/wp2021\/wp-json\/wp\/v2\/pages\/304\/revisions"}],"predecessor-version":[{"id":4595,"href":"https:\/\/icomos.at\/wp2021\/wp-json\/wp\/v2\/pages\/304\/revisions\/4595"}],"up":[{"embeddable":true,"href":"https:\/\/icomos.at\/wp2021\/wp-json\/wp\/v2\/pages\/298"}],"wp:attachment":[{"href":"https:\/\/icomos.at\/wp2021\/wp-json\/wp\/v2\/media?parent=304"}],"curies":[{"name":"wp","href":"https:\/\/api.w.org\/{rel}","templated":true}]}}