{"id":324,"date":"2020-11-01T22:43:42","date_gmt":"2020-11-01T22:43:42","guid":{"rendered":"http:\/\/icomos.at\/wp2021\/?page_id=324"},"modified":"2021-09-01T15:32:29","modified_gmt":"2021-09-01T15:32:29","slug":"kontakt-zur-monitoringruppe","status":"publish","type":"page","link":"https:\/\/icomos.at\/wp2021\/evaluiert\/monitoring-des-welterbes\/kontakt-zur-monitoringruppe\/","title":{"rendered":"Kontakt zu den Monitoringruppen"},"content":{"rendered":"<p><a href=\"http:\/\/icomos.at\/wp2021\/contact-form-test\/?recipient=salzburg@icomos.at\" target=\"_blank\" rel=\"noopener\">Das historische Zentrum der Stadt Salzburg<\/a><\/p>\n<p><a href=\"http:\/\/icomos.at\/wp2021\/contact-form-test\/?recipient=schoenbrunn@icomos.at\" target=\"_blank\" rel=\"noopener\">Schloss und Park von Sch\u00f6nbrunn<\/a><\/p>\n<p><a href=\"http:\/\/icomos.at\/wp2021\/contact-form-test\/?recipient=hallstatt-dachstein@icomos.at\" target=\"_blank\" rel=\"noopener\">Die Kulturlandschaft Hallstatt-Dachstein \/ Salzkammergut<\/a><\/p>\n<p><a href=\"http:\/\/icomos.at\/wp2021\/contact-form-test\/?recipient=semmeringbahn@icomos.at\" target=\"_blank\" rel=\"noopener\">Die Semmeringbahn<\/a><\/p>\n<p><a href=\"http:\/\/icomos.at\/wp2021\/contact-form-test\/?recipient=graz@icomos.at\" target=\"_blank\" rel=\"noopener\">Stadt Graz \u2013 Historisches Zentrum und Schloss Eggenberg<\/a><\/p>\n<p><a href=\"http:\/\/icomos.at\/wp2021\/contact-form-test\/?recipient=wachau@icomos.at\" target=\"_blank\" rel=\"noopener\">Die Kulturlandschaft Wachau<\/a><\/p>\n<p><a href=\"http:\/\/icomos.at\/wp2021\/contact-form-test\/?recipient=wien@icomos.at\" target=\"_blank\" rel=\"noopener\">Das historische Zentrum von Wien<\/a><\/p>\n<p><a href=\"http:\/\/icomos.at\/wp2021\/contact-form-test\/?recipient=fertoe-neusiedlersee@icomos.at\" target=\"_blank\" rel=\"noopener\">Die Kulturlandschaft Fert\u0151-Neusiedler See<\/a><\/p>\n<p><a href=\"http:\/\/icomos.at\/wp2021\/contact-form-test\/?recipient=pfahlbauten@icomos.at\" target=\"_blank\" rel=\"noopener\">Pr\u00e4historische Pfahlbauten rund um die Alpen<\/a><\/p>\n<p><a href=\"http:\/\/icomos.at\/wp2021\/contact-form-test\/?recipient=greatspatowns@icomos.at\" target=\"_blank\" rel=\"noopener\">Great Spa Towns of Europe<\/a><\/p>\n<p><a href=\"http:\/\/icomos.at\/wp2021\/contact-form-test\/?recipient=donaulimes@icomos.at\" target=\"_blank\" rel=\"noopener\">Grenzen des R\u00f6mischen Reiches \u2013 Donaulimes<\/a> (Westabschnitt)<\/p>\n","protected":false},"excerpt":{"rendered":"<p>Das historische Zentrum der Stadt Salzburg Schloss und Park von Sch\u00f6nbrunn Die Kulturlandschaft Hallstatt-Dachstein \/ Salzkammergut Die Semmeringbahn Stadt Graz \u2013 Historisches Zentrum und Schloss Eggenberg Die Kulturlandschaft Wachau Das historische Zentrum von Wien Die Kulturlandschaft Fert\u0151-Neusiedler See Pr\u00e4historische Pfahlbauten rund um die Alpen Great Spa Towns of Europe Grenzen des R\u00f6mischen Reiches \u2013 Donaulimes&hellip;&nbsp;<a href=\"https:\/\/icomos.at\/wp2021\/evaluiert\/monitoring-des-welterbes\/kontakt-zur-monitoringruppe\/\" class=\"\" rel=\"bookmark\">Weiterlesen &raquo;<span class=\"screen-reader-text\">Kontakt zu den Monitoringruppen<\/span><\/a><\/p>\n","protected":false},"author":1,"featured_media":0,"parent":304,"menu_order":3,"comment_status":"closed","ping_status":"closed","template":"","meta":{"neve_meta_sidebar":"full-width","neve_meta_container":"","neve_meta_enable_content_width":"on","neve_meta_content_width":100,"neve_meta_title_alignment":"","neve_meta_author_avatar":"","neve_post_elements_order":"","neve_meta_disable_header":"","neve_meta_disable_footer":"","neve_meta_disable_title":"","_ti_tpc_template_sync":false,"_ti_tpc_template_id":"","footnotes":""},"class_list":["post-324","page","type-page","status-publish","hentry"],"_links":{"self":[{"href":"https:\/\/icomos.at\/wp2021\/wp-json\/wp\/v2\/pages\/324"}],"collection":[{"href":"https:\/\/icomos.at\/wp2021\/wp-json\/wp\/v2\/pages"}],"about":[{"href":"https:\/\/icomos.at\/wp2021\/wp-json\/wp\/v2\/types\/page"}],"author":[{"embeddable":true,"href":"https:\/\/icomos.at\/wp2021\/wp-json\/wp\/v2\/users\/1"}],"replies":[{"embeddable":true,"href":"https:\/\/icomos.at\/wp2021\/wp-json\/wp\/v2\/comments?post=324"}],"version-history":[{"count":10,"href":"https:\/\/icomos.at\/wp2021\/wp-json\/wp\/v2\/pages\/324\/revisions"}],"predecessor-version":[{"id":2313,"href":"https:\/\/icomos.at\/wp2021\/wp-json\/wp\/v2\/pages\/324\/revisions\/2313"}],"up":[{"embeddable":true,"href":"https:\/\/icomos.at\/wp2021\/wp-json\/wp\/v2\/pages\/304"}],"wp:attachment":[{"href":"https:\/\/icomos.at\/wp2021\/wp-json\/wp\/v2\/media?parent=324"}],"curies":[{"name":"wp","href":"https:\/\/api.w.org\/{rel}","templated":true}]}}