{"id":441,"date":"2025-01-10T22:26:33","date_gmt":"2025-01-10T20:26:33","guid":{"rendered":"http:\/\/icomos.at\/wp2021\/?page_id=441"},"modified":"2025-12-12T10:09:56","modified_gmt":"2025-12-12T08:09:56","slug":"award","status":"publish","type":"page","link":"https:\/\/icomos.at\/wp2021\/award\/","title":{"rendered":"ICOMOS Austria Best Practice Award"},"content":{"rendered":"\t\t<div data-elementor-type=\"wp-page\" data-elementor-id=\"441\" class=\"elementor elementor-441\" data-elementor-post-type=\"page\">\n\t\t\t\t\t\t<section class=\"elementor-section elementor-top-section elementor-element elementor-element-d75739a elementor-section-boxed elementor-section-height-default elementor-section-height-default\" data-id=\"d75739a\" data-element_type=\"section\">\n\t\t\t\t\t\t<div class=\"elementor-container elementor-column-gap-default\">\n\t\t\t\t\t<div class=\"elementor-column elementor-col-100 elementor-top-column elementor-element elementor-element-c371b0e\" data-id=\"c371b0e\" data-element_type=\"column\">\n\t\t\t<div class=\"elementor-widget-wrap elementor-element-populated\">\n\t\t\t\t\t\t<div class=\"elementor-element elementor-element-213f308 elementor-widget elementor-widget-text-editor\" data-id=\"213f308\" data-element_type=\"widget\" data-widget_type=\"text-editor.default\">\n\t\t\t\t<div class=\"elementor-widget-container\">\n\t\t\t\t\t\t\t<p>Der ICOMOS Austria Best Practice Award pr\u00e4miert herausragend umgesetzte Bauprojekte einschlie\u00dflich Projekte der Landschaftsarchitektur in \u00d6sterreich, die sich dem Thema Revitalisierung, Umnutzung und Intervention im Bestand widmen. Dabei sollen vor allem Projekte \u00adgew\u00fcrdigt werden, die nicht unter (Denkmal-)Schutz stehen, die also ohne beh\u00f6rdliche Auflagen zum Erhalt revitalisiert wurden.<\/p><p>Im Fokus des Preises stehen die Prozesse hinter den realisierten Projekten und die Einbindung unterschiedlicher Akteure, die sowohl zu zukunftsf\u00e4higen Um- und Nachnutzungsmodellen als auch zu k\u00fcnstlerisch anspruchsvollen (landschafts-)architek\u00adtonischen L\u00f6sungen gef\u00fchrt haben.<\/p><p>Die Arbeitsgruppe ICOMOS Austria Best Practice Award unter der Leitung von Architekt DI Stefan Mastal w\u00fcrdigt dabei beispielhafte Initiativen, die Sorgfalt, Innovation und Verantwortung bei der Erhaltung unseres gebauten Erbes vereinen.<\/p><p>Insgesamt sind 67 interessante Projekte eingereicht worden. Eine zehnk\u00f6pfige Fachjury hat in zwei Sitzungen eine engere Auswahl von 14 Projekten getroffen. Nach Besichtigung dieser Projekte, wurden die Preise und Anerkennungen \u00adermittelt.<\/p><p>Am Mittwoch, 3. Dezember 2025, wurde im feierlichen Ambiente des Ahnensaals der Hofburg Wien der ICOMOS Austria Best Practice Award 2025 verliehen!<br \/>Die renommierte Architekturjournalistin Franziska Leeb f\u00fchrte durch den Abend. Alle G\u00e4ste wurden durch Mag.a Petra Weiss (Fachdirektorin im BDA), DI Elias Molitschnig (BMWKMS), DI Daniel F\u00fcgenschuh (Pr\u00e4sident Bundeskammer der ZiviltechnikerInnen Arch+Ing) und ao. Univ. Prof. Dr. Caroline J\u00e4ger-Klein (Pr\u00e4sidentin ICOMOS Austria) begr\u00fc\u00dft.<\/p><p>Lesen Sie <a href=\"https:\/\/icomos.7r.at\/\">hier<\/a> gerne mehr dazu.<\/p>\t\t\t\t\t\t<\/div>\n\t\t\t\t<\/div>\n\t\t\t\t<div class=\"elementor-element elementor-element-07eb892 elementor-widget elementor-widget-text-editor\" data-id=\"07eb892\" data-element_type=\"widget\" data-widget_type=\"text-editor.default\">\n\t\t\t\t<div class=\"elementor-widget-container\">\n\t\t\t\t\t\t\t<p>Ausgezeichnet wurden drei Preise, vier Besondere Anerkennungen und sieben Anerkennungen:<\/p><h2>Preise:<\/h2><ol><li>Preis: <strong>Kindergarten Unterach am Attersee<\/strong>. Dunkelschwarz, Hohengasser Wirnsberger Architekten, Bauherrin: Gemeinde Unterach am Attersee. Foto: Volker Wortmeyer<\/li><li>Preis: <strong>Tabakfabrik Linz \u2013 Haus Havanna<\/strong>. Steinbauer Architektur, Kaltenbacher Architektur, Bauherr: Immobilien Linz GmbH &amp; Co KG. Foto: STEINBAUER architektur+design<\/li><li>Preis: <strong>Zeit des Erwachens \u2013 Kl\u00f6sterle Imst<\/strong>. Studio Lois \u2013 Architektin Barbara Poberschnigg, Bauherr: Gemeindeverband Wohn-Pflegeheim Imst und Umgebung. Foto: David Schreyer<\/li><\/ol><div>Alle Fotos, sowie weitere Informationen finden Sie\u00a0<a href=\"https:\/\/icomos.7r.at\/\">hier<\/a>.<\/div>\t\t\t\t\t\t<\/div>\n\t\t\t\t<\/div>\n\t\t\t\t<div class=\"elementor-element elementor-element-795a6ba elementor-widget elementor-widget-text-editor\" data-id=\"795a6ba\" data-element_type=\"widget\" data-widget_type=\"text-editor.default\">\n\t\t\t\t<div class=\"elementor-widget-container\">\n\t\t\t\t\t\t\t<h3>Besondere Anerkennungen:<\/h3><ul><li><strong>Museum Bezau<\/strong>. Innauer Matt Architekten, Bauherr: Museumsverein Bezau. Foto: Dominic Kummer<\/li><li><strong>Haus im Stadel, Dorf an der Pram<\/strong>. Wolf Architektur, ZTW Weilhartner, Bauherrin: Bettina M\u00fchlb\u00f6ck-Burtscher. Foto: Noah Santer \/ Z\u00fcrich<\/li><li><strong>Revitalisierung Rimml-Areal, Oberhofen<\/strong>. U1 Architektur, Architekt Harald Kr\u00f6pfl, Bauherrin: Gemeinde Oberhofen. Foto: Die Fotografen<\/li><li><strong>Modellschule Gersthof: Campusschule, Wien<\/strong>. Franz&amp;Sue Architekten, Bauherrin: Bundesimmobiliengesellschaft m.b.H. Foto: Andreas Buchberger<\/li><\/ul><h3>Anerkennungen:<\/h3><ul><li><strong>Alte Schmiede, Altwaidhofen<\/strong>. Architekt Simon Oberhammer, Bauherren: Cora und Sebastian Waldstein. Foto: G\u00fcnter Richard Wett<\/li><li><strong>Atelierhaus Helene Koller-Buchwieser, Hinterbr\u00fchl<\/strong>. KABE Architekten, Giuseppe Donnaloia, Ferdinand Jeindl, Bauherr: A. Varnavides, ELAFOS Holding GmbH, Gr\u00fcnwald. Foto: Christina H\u00e4usler<\/li><li><strong>Stadtsee Horn<\/strong>. Yewo Landscapes, Bauherrin: Stadtgemeinde Horn. Foto: Kurt H\u00f6rbst<\/li><li><strong>Sprungturm Millstatt<\/strong>. Hohengasser Wirnsberger Architekten, Bauherrin: Marktgemeinde Millstatt am See mit B\u00e4derbetrieben. Foto: Christian Brandstaetter<\/li><li><strong>Umbau Maschinenhaus, Rauchm\u00fchle, Salzburg<\/strong>. Dunkelschwarz, Architekt Georg Huber, Bauherrin: \u00d6SW Wohnbauvereinigung Salzburg. Foto: Volker Wortmeyer<\/li><li><strong>Trib\u00fcnen 2 +3 Krieau, Viertel zwei Plus, Wien<\/strong>. Tillner&amp;Willinger, Martin Kohlbauer, Bauherrin: BC Krieau GmbH Foto: Rupert Steiner<\/li><li><strong>Schw\u00f6schtorohus, Dorf Nest, Wolfurt<\/strong>. Querschnitt Architekten, Bauherrin: Marktgemeinde Wolfurt. Foto: Philipp Salzgeber\u00a0<\/li><\/ul>\t\t\t\t\t\t<\/div>\n\t\t\t\t<\/div>\n\t\t\t\t<div class=\"elementor-element elementor-element-ecaea99 elementor-widget elementor-widget-text-editor\" data-id=\"ecaea99\" data-element_type=\"widget\" data-widget_type=\"text-editor.default\">\n\t\t\t\t<div class=\"elementor-widget-container\">\n\t\t\t\t\t\t\t<h2>Beurteilung<\/h2><p>Die Beurteilung der eingereichten Projekte erfolgte durch eine multidisziplin\u00e4re Fachjury:<\/p><p><strong>Architekt:in<\/strong> mit Expertise im Bauen im Bestand:<br \/><strong>Anne Beer<\/strong> (Juryvorsitz), Architektin, M\u00fcnchen und Professorin OTH Regensburg, Deutschland<br \/><strong>Anna Moser<\/strong>, Architektin, Linz<\/p><p><strong>Bauingenieur:in<\/strong> mit Expertise im Bauen im Bestand:<br \/><strong>Peter Bauer<\/strong>, Ziviltechniker und Professor, Wien<br \/><strong>Johann Wagner<\/strong>, Bauingenieur, Graz<\/p><p><strong>Bauforscher:in:<\/strong><br \/><strong>G\u00fcnther Buchinger<\/strong>, Bauforscher, Denkmalforscher, Wien<br \/><strong>Dimitrios Boulasikis<\/strong>, Archnet, M\u00f6dling\/Wien und Graz<\/p><p><strong>Restaurator:in oder Handwerker:in<\/strong> mit Expertise im Bauen im Bestand:<br \/><strong>Iris Bermoser<\/strong>, Akademische Restauratorin, Wien<br \/><strong>Susanne Beseler<\/strong>, Akademische Restauratorin, Wien<\/p><p><strong>Journalist:in oder Kultursoziolog:in:<\/strong><br \/><strong>Marianne Enigl<\/strong>, Journalistin diepresse, profil u. a.<br \/><strong>Nott Caviezel<\/strong>, Professor i. R. f\u00fcr Denkmal\u00adpflege, TU Wien, Architekturjournalist<\/p>\t\t\t\t\t\t<\/div>\n\t\t\t\t<\/div>\n\t\t\t\t\t<\/div>\n\t\t<\/div>\n\t\t\t\t\t<\/div>\n\t\t<\/section>\n\t\t\t\t<section class=\"elementor-section elementor-top-section elementor-element elementor-element-18bc3ed elementor-section-boxed elementor-section-height-default elementor-section-height-default\" data-id=\"18bc3ed\" data-element_type=\"section\">\n\t\t\t\t\t\t<div class=\"elementor-container elementor-column-gap-default\">\n\t\t\t\t\t<div class=\"elementor-column elementor-col-100 elementor-top-column elementor-element elementor-element-1f6d03f\" data-id=\"1f6d03f\" data-element_type=\"column\">\n\t\t\t<div class=\"elementor-widget-wrap elementor-element-populated\">\n\t\t\t\t\t\t<div class=\"elementor-element elementor-element-3da0687 elementor-arrows-position-inside elementor-pagination-position-outside elementor-widget elementor-widget-image-carousel\" data-id=\"3da0687\" data-element_type=\"widget\" data-settings=\"{&quot;navigation&quot;:&quot;both&quot;,&quot;autoplay&quot;:&quot;yes&quot;,&quot;pause_on_hover&quot;:&quot;yes&quot;,&quot;pause_on_interaction&quot;:&quot;yes&quot;,&quot;autoplay_speed&quot;:5000,&quot;infinite&quot;:&quot;yes&quot;,&quot;speed&quot;:500}\" data-widget_type=\"image-carousel.default\">\n\t\t\t\t<div class=\"elementor-widget-container\">\n\t\t\t\t\t<div class=\"elementor-image-carousel-wrapper swiper\" dir=\"ltr\">\n\t\t\t<div class=\"elementor-image-carousel swiper-wrapper\" aria-live=\"off\">\n\t\t\t\t\t\t\t\t<div class=\"swiper-slide\" role=\"group\" aria-roledescription=\"slide\" aria-label=\"1 of 12\"><figure class=\"swiper-slide-inner\"><img decoding=\"async\" class=\"swiper-slide-image\" src=\"https:\/\/icomos.at\/wp2021\/wp-content\/uploads\/2025\/12\/ICOMOS_2025_347_doerte_kuhlmann_marija_nakeva_anna_drees_peter_steinbach_caroline_jaeger_klein_antonia_bobik_stefan_mastal_small-768x512.jpg\" alt=\"ICOMOS_2025_347_d\u00f6rte_kuhlmann_marija_nakeva_anna_drees_peter_steinbach_caroline_j\u00e4ger_klein_antonia_bobik_stefan_mastal_small\" \/><\/figure><\/div><div class=\"swiper-slide\" role=\"group\" aria-roledescription=\"slide\" aria-label=\"2 of 12\"><figure class=\"swiper-slide-inner\"><img decoding=\"async\" class=\"swiper-slide-image\" src=\"https:\/\/icomos.at\/wp2021\/wp-content\/uploads\/2025\/12\/ICOMOS_2025_339_small-768x512.jpg\" alt=\"ICOMOS_2025_339_small\" \/><\/figure><\/div><div class=\"swiper-slide\" role=\"group\" aria-roledescription=\"slide\" aria-label=\"3 of 12\"><figure class=\"swiper-slide-inner\"><img decoding=\"async\" class=\"swiper-slide-image\" src=\"https:\/\/icomos.at\/wp2021\/wp-content\/uploads\/2025\/12\/ICOMOS_2025_321_stefan_mastal_credits_florian_albert_small-768x512.jpg\" alt=\"ICOMOS_2025_321_stefan_mastal_credits_florian_albert_small\" \/><\/figure><\/div><div class=\"swiper-slide\" role=\"group\" aria-roledescription=\"slide\" aria-label=\"4 of 12\"><figure class=\"swiper-slide-inner\"><img decoding=\"async\" class=\"swiper-slide-image\" src=\"https:\/\/icomos.at\/wp2021\/wp-content\/uploads\/2025\/12\/ICOMOS_2025_313_caroline_jaeger_klein_stefan_mastal_credits_florian_albert_small-768x512.jpg\" alt=\"ICOMOS_2025_313_caroline_j\u00e4ger_klein_stefan_mastal_credits_florian_albert_small\" \/><\/figure><\/div><div class=\"swiper-slide\" role=\"group\" aria-roledescription=\"slide\" aria-label=\"5 of 12\"><figure class=\"swiper-slide-inner\"><img decoding=\"async\" class=\"swiper-slide-image\" src=\"https:\/\/icomos.at\/wp2021\/wp-content\/uploads\/2025\/12\/ICOMOS_2025_258_anne_beer_nott_caviezel_credits_florian_albert_small-768x512.jpg\" alt=\"ICOMOS_2025_258_anne_beer_nott_caviezel_credits_florian_albert_small\" \/><\/figure><\/div><div class=\"swiper-slide\" role=\"group\" aria-roledescription=\"slide\" aria-label=\"6 of 12\"><figure class=\"swiper-slide-inner\"><img decoding=\"async\" class=\"swiper-slide-image\" src=\"https:\/\/icomos.at\/wp2021\/wp-content\/uploads\/2025\/12\/ICOMOS_2025_210_stefan_mastal_erhard_steiner_anne_beer_caroline_jaeger_klein_credits_florian_albert_small-768x512.jpg\" alt=\"ICOMOS_2025_210_stefan_mastal_erhard_steiner_anne_beer_caroline_j\u00e4ger_klein_credits_florian_albert_small\" \/><\/figure><\/div><div class=\"swiper-slide\" role=\"group\" aria-roledescription=\"slide\" aria-label=\"7 of 12\"><figure class=\"swiper-slide-inner\"><img decoding=\"async\" class=\"swiper-slide-image\" src=\"https:\/\/icomos.at\/wp2021\/wp-content\/uploads\/2025\/12\/ICOMOS_2025_161_anne_beer_credits_florian_albert_small-768x512.jpg\" alt=\"ICOMOS_2025_161_anne_beer_credits_florian_albert_small\" \/><\/figure><\/div><div class=\"swiper-slide\" role=\"group\" aria-roledescription=\"slide\" aria-label=\"8 of 12\"><figure class=\"swiper-slide-inner\"><img decoding=\"async\" class=\"swiper-slide-image\" src=\"https:\/\/icomos.at\/wp2021\/wp-content\/uploads\/2025\/12\/ICOMOS_2025_147_daniel_fuegenschuh_credits_florian_albert_small-768x512.jpg\" alt=\"ICOMOS_2025_147_daniel_f\u00fcgenschuh_credits_florian_albert_small\" \/><\/figure><\/div><div class=\"swiper-slide\" role=\"group\" aria-roledescription=\"slide\" aria-label=\"9 of 12\"><figure class=\"swiper-slide-inner\"><img decoding=\"async\" class=\"swiper-slide-image\" src=\"https:\/\/icomos.at\/wp2021\/wp-content\/uploads\/2025\/12\/ICOMOS_2025_132_elias_molitschnig_franziska_leeb_credits_florian_albert_small-768x512.jpg\" alt=\"ICOMOS_2025_132_elias_molitschnig_franziska_leeb_credits_florian_albert_small\" \/><\/figure><\/div><div class=\"swiper-slide\" role=\"group\" aria-roledescription=\"slide\" aria-label=\"10 of 12\"><figure class=\"swiper-slide-inner\"><img decoding=\"async\" class=\"swiper-slide-image\" src=\"https:\/\/icomos.at\/wp2021\/wp-content\/uploads\/2025\/12\/ICOMOS_2025_124_small-768x512.jpg\" alt=\"ICOMOS_2025_124_small\" \/><\/figure><\/div><div class=\"swiper-slide\" role=\"group\" aria-roledescription=\"slide\" aria-label=\"11 of 12\"><figure class=\"swiper-slide-inner\"><img decoding=\"async\" class=\"swiper-slide-image\" src=\"https:\/\/icomos.at\/wp2021\/wp-content\/uploads\/2025\/12\/ICOMOS_2025_120_caroline_jaeger_klein_credits_florian_albert_small-768x512.jpg\" alt=\"ICOMOS_2025_120_caroline_j\u00e4ger_klein_credits_florian_albert_small\" \/><\/figure><\/div><div class=\"swiper-slide\" role=\"group\" aria-roledescription=\"slide\" aria-label=\"12 of 12\"><figure class=\"swiper-slide-inner\"><img decoding=\"async\" class=\"swiper-slide-image\" src=\"https:\/\/icomos.at\/wp2021\/wp-content\/uploads\/2025\/12\/ICOMOS_2025_086_petra_weiss_credits_florian_albert_small-768x512.jpg\" alt=\"ICOMOS_2025_086_petra_weiss_credits_florian_albert_small\" \/><\/figure><\/div>\t\t\t<\/div>\n\t\t\t\t\t\t\t\t\t\t\t\t<div class=\"elementor-swiper-button elementor-swiper-button-prev\" role=\"button\" tabindex=\"0\">\n\t\t\t\t\t\t<i aria-hidden=\"true\" class=\"eicon-chevron-left\"><\/i>\t\t\t\t\t<\/div>\n\t\t\t\t\t<div class=\"elementor-swiper-button elementor-swiper-button-next\" role=\"button\" tabindex=\"0\">\n\t\t\t\t\t\t<i aria-hidden=\"true\" class=\"eicon-chevron-right\"><\/i>\t\t\t\t\t<\/div>\n\t\t\t\t\n\t\t\t\t\t\t\t\t\t<div class=\"swiper-pagination\"><\/div>\n\t\t\t\t\t\t\t\t\t<\/div>\n\t\t\t\t<\/div>\n\t\t\t\t<\/div>\n\t\t\t\t<div class=\"elementor-element elementor-element-b96b154 elementor-widget elementor-widget-text-editor\" data-id=\"b96b154\" data-element_type=\"widget\" data-widget_type=\"text-editor.default\">\n\t\t\t\t<div class=\"elementor-widget-container\">\n\t\t\t\t\t\t\t<p>Fotos Preisverleihung: Credits: Florian Albert<\/p>\t\t\t\t\t\t<\/div>\n\t\t\t\t<\/div>\n\t\t\t\t\t<\/div>\n\t\t<\/div>\n\t\t\t\t\t<\/div>\n\t\t<\/section>\n\t\t\t\t<\/div>\n\t\t","protected":false},"excerpt":{"rendered":"<p>Der ICOMOS Austria Best Practice Award pr\u00e4miert herausragend umgesetzte Bauprojekte einschlie\u00dflich Projekte der Landschaftsarchitektur in \u00d6sterreich, die sich dem Thema Revitalisierung, Umnutzung und Intervention im Bestand widmen. Dabei sollen vor allem Projekte \u00adgew\u00fcrdigt werden, die nicht unter (Denkmal-)Schutz stehen, die also ohne beh\u00f6rdliche Auflagen zum Erhalt revitalisiert wurden. Im Fokus des Preises stehen die Prozesse&hellip;&nbsp;<a href=\"https:\/\/icomos.at\/wp2021\/award\/\" class=\"\" rel=\"bookmark\">Weiterlesen &raquo;<span class=\"screen-reader-text\">ICOMOS Austria Best Practice Award<\/span><\/a><\/p>\n","protected":false},"author":1,"featured_media":0,"parent":0,"menu_order":6,"comment_status":"closed","ping_status":"closed","template":"","meta":{"neve_meta_sidebar":"full-width","neve_meta_container":"","neve_meta_enable_content_width":"on","neve_meta_content_width":100,"neve_meta_title_alignment":"","neve_meta_author_avatar":"","neve_post_elements_order":"","neve_meta_disable_header":"","neve_meta_disable_footer":"","neve_meta_disable_title":"","_ti_tpc_template_sync":false,"_ti_tpc_template_id":"","footnotes":""},"class_list":["post-441","page","type-page","status-publish","hentry"],"_links":{"self":[{"href":"https:\/\/icomos.at\/wp2021\/wp-json\/wp\/v2\/pages\/441"}],"collection":[{"href":"https:\/\/icomos.at\/wp2021\/wp-json\/wp\/v2\/pages"}],"about":[{"href":"https:\/\/icomos.at\/wp2021\/wp-json\/wp\/v2\/types\/page"}],"author":[{"embeddable":true,"href":"https:\/\/icomos.at\/wp2021\/wp-json\/wp\/v2\/users\/1"}],"replies":[{"embeddable":true,"href":"https:\/\/icomos.at\/wp2021\/wp-json\/wp\/v2\/comments?post=441"}],"version-history":[{"count":43,"href":"https:\/\/icomos.at\/wp2021\/wp-json\/wp\/v2\/pages\/441\/revisions"}],"predecessor-version":[{"id":4856,"href":"https:\/\/icomos.at\/wp2021\/wp-json\/wp\/v2\/pages\/441\/revisions\/4856"}],"wp:attachment":[{"href":"https:\/\/icomos.at\/wp2021\/wp-json\/wp\/v2\/media?parent=441"}],"curies":[{"name":"wp","href":"https:\/\/api.w.org\/{rel}","templated":true}]}}