{"id":721,"date":"2020-12-07T22:07:34","date_gmt":"2020-12-07T22:07:34","guid":{"rendered":"http:\/\/icomos.at\/wp2021\/?page_id=721"},"modified":"2024-12-04T16:30:43","modified_gmt":"2024-12-04T14:30:43","slug":"vortrage","status":"publish","type":"page","link":"https:\/\/icomos.at\/wp2021\/kommuniziert\/veranstaltungen\/vortrage\/","title":{"rendered":"Vortragsreihe"},"content":{"rendered":"<p>&#8220;Die ICOMOS Vortr\u00e4ge werden in enger Kooperation mit dem Forschungsbereich Baugeschichte &#8211; Bauforschung der Technischen Universit\u00e4t Wien durchgef\u00fchrt.&#8221;<\/p>\n<p>15.01.2025: Vortrag Michael Schimek<br \/>\nOrt: TU Wien, Karlsplatz 13 &#8211; 3. Hof &#8211; H\u00f6rsaal 14a \u00a0\u00a0\u00a0\u00a0\u00a0\u00a0\u00a0 Beginn 19 Uhr<\/p>\n<p>20.11.2024: International Cultural Heritage Tourism Charter (Stephanie Veith) &#8211; abgesagt<\/p>\n<p>09.10.2024: Einf\u00fchrung in die Arbeit von ICOMOS<br \/>\nAn dem Abend gibt unsere Pr\u00e4sidentin Caro J\u00e4ger-Klein eine Einf\u00fchrung in die Arbeit von ICOMOS. Danach stellen die Arbeitsgruppen-Leiter:innen sich und ihre Agenden vor. Im Anschluss gibt es die M\u00f6glichkeit, sich f\u00fcr die unterschiedlichen Themenkreisen und Projekten zu melden und sich aktiv einzubringen.<br \/>\nOrt: TU Wien, Karlsplatz 13 &#8211; 3. Hof &#8211; H\u00f6rsaal 7 (Sch\u00fctte-Lihotzky) \u00a0\u00a0\u00a0\u00a0\u00a0\u00a0\u00a0 Beginn 20 Uhr<\/p>\n<p>26.06.2024: ICOMOS Indonesia: Special Region of Yogyakarta &#8211; Indonesia&#8217;s newest World Heritage Site<\/p>\n<p><a href=\"http:\/\/icomos.at\/wp2021\/hsa-cafe-connecting-time-celebrating-the-60th-anniversary-of-the-venice-charter-with-heritage-science-austria-and-icomos-austria\/\">28.05.2024: Connecting Time: Celebrating the 60th Anniversary of the Venice Charter with Heritage Science Austria and ICOMOS Austria<\/a><\/p>\n<p><a href=\"http:\/\/icomos.at\/wp2021\/vortrag-connecting-with-the-past-bauen-und-konservieren-mit-baulehm-in-uruk-mesopotamien-heutiger-suedirak\/\">22.05.2024: CONNECTING WITH THE PAST &#8211; Bauen und Konservieren mit Baulehm in Uruk, Mesopotamien, heutiger S\u00fcdirak<\/a><\/p>\n<p><a href=\"http:\/\/icomos.at\/wp2021\/vortrag-aktuelle-architektonische-fragen-rund-um-das-welterbegebiet-ferto-neusiedler-see\/\">13.05.2024: Aktuelle architektonische Fragen rund um das Welterbegebiet Fert\u0151-Neusiedler See<\/a><\/p>\n<p><a href=\"http:\/\/icomos.at\/wp2021\/diskussionsabend-learning-from-traditions-and-vernacular-architecture\/\">15.11.2023: Learning from traditions and vernacular architecture (Peter Rich)<\/a><\/p>\n<p><a href=\"http:\/\/icomos.at\/wp2021\/vortrag-dachwerke-von-wien-geschichte-bestand-bedeutung-3\/\">04.10.2023: Dachwerke von Wien: Geschichte &#8211; Bestand &#8211; Bedeutung(Hanna A. Liebich)<\/a><\/p>\n<p><a href=\"http:\/\/icomos.at\/wp2021\/vortrag-dachwerke-von-wien-geschichte-bestand-bedeutung-2\/\">14.06.2023: UNESCO Welterbest\u00e4tte \u201eThe Great Spa Towns of Europe\u201c: Die Teilst\u00e4tte Baden-Baden und ihr Umgang mit dem baulichen Erbe in den historischen Villengebieten\u201c(Lisa Poetschki)<\/a><\/p>\n<p><a href=\"http:\/\/icomos.at\/wp2021\/vortrag-dachwerke-von-wien-geschichte-bestand-bedeutung\/\">10.05.2023: Dachwerke von Wien: Geschichte &#8211; Bestand &#8211; Bedeutung (Hanna A. Liebich)<\/a><\/p>\n<p><a href=\"http:\/\/icomos.at\/wp2021\/vortrag-1923-2023-100-jahre-denkmalschutzgesetz-in-oesterreich-die-sicht-von-icomos\/\">19.04.2023: 1923-2023. 100 Jahre Denkmalschutzgesetz in \u00d6sterreich. Die Sicht von ICOMOS.(Caroline J\u00e4ger-Klein)<\/a><\/p>\n<p><a href=\"http:\/\/icomos.at\/wp2021\/vortrag-simple-smart-buildings\/\">22.03.2023: Simple Smart Buildings (Friedrich Idam, G\u00fcnther Kain)<\/a><\/p>\n<p><a href=\"http:\/\/icomos.at\/wp2021\/vortrag-introduction-to-the-erasmus-blueprint-project-charter\/\">19.01.2023: Introduction to the Erasmus+ Blueprint Project CHARTER (Elis Mar<em>\u00e7<\/em>al)<\/a><\/p>\n<p><a href=\"http:\/\/icomos.at\/wp2021\/vortrag-evaluieren-integrieren-und-kommunizieren-welterbe-salzburg\/\">15.12.2022: Evaluieren, Integrieren und Kommunizieren \u2013 Welterbe Salzburg (D\u00f6rte Kuhlmann, Hannes Toifel)<\/a><\/p>\n<p><a href=\"http:\/\/icomos.at\/wp2021\/vortrag-die-umsetzung-der-welterbekonvention-im-osterreichischen-recht\/\">17.11.2022: Die Umsetzung der Welterbekonvention im \u00f6sterreichischen Recht (Manfred Matzka)<\/a><\/p>\n<p><a href=\"http:\/\/icomos.at\/wp2021\/vortrag-vernakulare-architektur-im-kontext-des-klimawandels\/\">02.06.2022: Vernakul\u00e4re Architektur im Kontext des Klimawandels (Gregor Radinger)<\/a><\/p>\n<p><a href=\"http:\/\/icomos.at\/wp2021\/vortrag-welterbe-grenzen-des-romischen-reiches-donaulimes-west\/\">19.05.2022: Welterbe Grenzen des R\u00f6mischen Reiches \u2013 Donaulimes West (Christoph \u00d6llerer)<\/a><\/p>\n<p><a href=\"http:\/\/icomos.at\/wp2021\/vortrag-umsetzung-von-brandschutz-und-barrierefreiheit-am-beispiel-von-schloss-hetzendorf\/\">07.04.2022: Umsetzung von Brandschutz und Barrierefreiheit am Beispiel von Schloss Hetzendorf (Stefan Mastal)<\/a><\/p>\n<p><a href=\"http:\/\/icomos.at\/wp2021\/vortrag-achenseebahn-vom-kurzgutachten-zur-gefahrdeten-kulturerbe-statte\/\" rel=\"noopener\">13.01.2022: Achenseebahn \u2013 Vom Kurzgutachten zur gef\u00e4hrdeten Kulturerbe-St\u00e4tte (G\u00fcnter Dinhobl)<\/a><\/p>\n<p><a href=\"http:\/\/icomos.at\/wp2021\/vortrag-unbekanntes-architekturerbe-am-balkan\/\" rel=\"noopener\">09.12.2021: Unbekanntes Architekturerbe am Balkan. Von Bergbaust\u00e4dten, Handelsbauten und Turmh\u00e4usern in Kosovo, Albanien und Montenegro (Caroline J\u00e4ger-Klein)<\/a><\/p>\n<p><a href=\"http:\/\/icomos.at\/wp2021\/vortrag-das-grunderzeithaus-historisches-gebaude-bestandiger-wert\/\" rel=\"noopener\">28.10.2021: Das Gr\u00fcnderzeithaus \u2013 Historisches Geb\u00e4ude. Best\u00e4ndiger Wert. (Markus P. Swittalek)<\/a><strong><br \/>\n<\/strong><\/p>\n<p><a href=\"http:\/\/icomos.at\/wp2021\/vortrag-zwischen-schutz-des-kulturellen-erbes-und-nachhaltiger-stadtentwicklung-zur-rolle-des-site-managers-dargestellt-am-beispiel-der-stadt-regensburg-2\/\" rel=\"noopener\">17.06.2021: Bad Kissingen auf dem Weg zum \u201eshared\u201c World Heritage Great Spas of Europe. Transnational, seriell, einzigartig, und von Bedeutung f\u00fcr die Menschheit&#8221; (Peter Weidisch, Anna Maria Boll)<\/a><\/p>\n<p><a href=\"http:\/\/icomos.at\/wp2021\/vortrag-zwischen-schutz-des-kulturellen-erbes-und-nachhaltiger-stadtentwicklung-zur-rolle-des-site-managers-dargestellt-am-beispiel-der-stadt-regensburg\/\" rel=\"noopener\">22.04.2021: Zwischen Schutz des kulturellen Erbes und nachhaltiger Stadtentwicklung: Zur Rolle des Site Managers am Beispiel der Stadt Regensburg (Matthias Ripp)<\/a><\/p>\n<p><a href=\"http:\/\/icomos.at\/wp2021\/?p=1857&amp;preview=true\" rel=\"noopener\">21.01.2021: <span lang=\"DE\">Zeitgen\u00f6ssische Architektur in Welterbegebieten in Ungarn (<span lang=\"EN-GB\">Andr\u00e1s Ve\u00f6re\u00f6s)<\/span><\/span><\/a><\/p>\n<p><a href=\"http:\/\/icomos.at\/wp2021\/?p=1845&amp;preview=true\" rel=\"noopener\">10.12.2020: Wertsch\u00f6pfung und Welterbe (Kurt Luger)<\/a><\/p>\n<p><a href=\"http:\/\/icomos.at\/wp2021\/vortrag-die-fassung-bewahren-schloss-eggenberg-zum-erhalt-einer-welterbestatte\/\" rel=\"noopener\">05.01.2020: Die Fassung bewahren: Schloss Eggenberg \u2013 zum Erhalt einer Welterbest\u00e4tte (Barbara Kaiser)<\/a><\/p>\n<p><a href=\"http:\/\/icomos.at\/wp2021\/vortrag-die-entstehungsgeschichte-von-icomos-in-den-dokumenten-des-archivs-piero-gazzola\/\" rel=\"noopener\">05.12.2019: Die Entstehungsgeschichte von ICOMOS in den Dokumenten des Archivs Piero Gazzola (Pia Gazzola)<\/a><\/p>\n<p><a href=\"http:\/\/icomos.at\/wp2021\/vortrag-blue-shield-kulturguterschutz-in-zivil-militarischer-zusammenarbeit\/\" rel=\"noopener\">07.11.2019: BLUE SHIELD \u2013 Kulturg\u00fcterschutz in zivil-milit\u00e4rischer Zusammenarbeit (Karl Habsburg)<\/a><\/p>\n<p><a href=\"http:\/\/icomos.at\/wp2021\/vortrag-im-materielles-kulturerbe\/\" rel=\"noopener\">27.06.2019: im.materielles Kulturerbe (Gabriele Detschmann und Sabina Mahr)<\/a><\/p>\n<p><a href=\"http:\/\/icomos.at\/wp2021\/vortrag-von-ausergewohnlichem-universellem-wert\/\" rel=\"noopener\">16.05.2019: \u201e\u2026von au\u00dfergew\u00f6hnlichem, universellem Wert\u201c (Florian Meixner)<\/a><\/p>\n<p><a href=\"http:\/\/icomos.at\/wp2021\/vortrag-herculane-project\/\" rel=\"noopener\">14.03.2019: Herculane Project (Oana Chiril\u0103)<\/a><\/p>\n<p><a href=\"http:\/\/icomos.at\/wp2021\/vortrag-wie-entstehen-unesco-welterbestatten\/\" rel=\"noopener\">31.01.2019: Wie entstehen UNESCO Welterbest\u00e4tten? (Alexandra Kruse)<\/a><\/p>\n<p><a href=\"http:\/\/icomos.at\/wp2021\/vortrag-unesco-welterbestatten-manager\/\" rel=\"noopener\">08.01.2019: UNESCO Welterbest\u00e4tten-Manager (Bernd Paulowitz)<\/a><\/p>\n<p><a href=\"http:\/\/icomos.at\/wp2021\/vortrag-icomos-das-monitoring-von-welterbestatten\/\" rel=\"noopener\">12.12.2018: ICOMOS &amp; das Monitoring von Welterbest\u00e4tten (Friedrich Idam)<\/a><\/p>\n<p><a href=\"http:\/\/icomos.at\/wp2021\/vortrag-icomos-und-das-unesco-welterbe-in-osterreich\/\" rel=\"noopener\">29.11.2018: ICOMOS und das UNESCO Welterbe in \u00d6sterreich (Caroline J\u00e4ger-Klein)<\/a><\/p>\n","protected":false},"excerpt":{"rendered":"<p>&#8220;Die ICOMOS Vortr\u00e4ge werden in enger Kooperation mit dem Forschungsbereich Baugeschichte &#8211; Bauforschung der Technischen Universit\u00e4t Wien durchgef\u00fchrt.&#8221; 15.01.2025: Vortrag Michael Schimek Ort: TU Wien, Karlsplatz 13 &#8211; 3. Hof &#8211; H\u00f6rsaal 14a \u00a0\u00a0\u00a0\u00a0\u00a0\u00a0\u00a0 Beginn 19 Uhr 20.11.2024: International Cultural Heritage Tourism Charter (Stephanie Veith) &#8211; abgesagt 09.10.2024: Einf\u00fchrung in die Arbeit von ICOMOS An&hellip;&nbsp;<a href=\"https:\/\/icomos.at\/wp2021\/kommuniziert\/veranstaltungen\/vortrage\/\" class=\"\" rel=\"bookmark\">Weiterlesen &raquo;<span class=\"screen-reader-text\">Vortragsreihe<\/span><\/a><\/p>\n","protected":false},"author":1,"featured_media":0,"parent":433,"menu_order":1,"comment_status":"closed","ping_status":"closed","template":"","meta":{"neve_meta_sidebar":"full-width","neve_meta_container":"","neve_meta_enable_content_width":"on","neve_meta_content_width":100,"neve_meta_title_alignment":"","neve_meta_author_avatar":"","neve_post_elements_order":"","neve_meta_disable_header":"","neve_meta_disable_footer":"","neve_meta_disable_title":"","_ti_tpc_template_sync":false,"_ti_tpc_template_id":"","footnotes":""},"class_list":["post-721","page","type-page","status-publish","hentry"],"_links":{"self":[{"href":"https:\/\/icomos.at\/wp2021\/wp-json\/wp\/v2\/pages\/721"}],"collection":[{"href":"https:\/\/icomos.at\/wp2021\/wp-json\/wp\/v2\/pages"}],"about":[{"href":"https:\/\/icomos.at\/wp2021\/wp-json\/wp\/v2\/types\/page"}],"author":[{"embeddable":true,"href":"https:\/\/icomos.at\/wp2021\/wp-json\/wp\/v2\/users\/1"}],"replies":[{"embeddable":true,"href":"https:\/\/icomos.at\/wp2021\/wp-json\/wp\/v2\/comments?post=721"}],"version-history":[{"count":52,"href":"https:\/\/icomos.at\/wp2021\/wp-json\/wp\/v2\/pages\/721\/revisions"}],"predecessor-version":[{"id":4764,"href":"https:\/\/icomos.at\/wp2021\/wp-json\/wp\/v2\/pages\/721\/revisions\/4764"}],"up":[{"embeddable":true,"href":"https:\/\/icomos.at\/wp2021\/wp-json\/wp\/v2\/pages\/433"}],"wp:attachment":[{"href":"https:\/\/icomos.at\/wp2021\/wp-json\/wp\/v2\/media?parent=721"}],"curies":[{"name":"wp","href":"https:\/\/api.w.org\/{rel}","templated":true}]}}