{"id":725,"date":"2020-12-07T22:08:22","date_gmt":"2020-12-07T22:08:22","guid":{"rendered":"http:\/\/icomos.at\/wp2021\/?page_id=725"},"modified":"2021-04-06T09:42:09","modified_gmt":"2021-04-06T09:42:09","slug":"internationaler-tag-des-denkmals","status":"publish","type":"page","link":"https:\/\/icomos.at\/wp2021\/kommuniziert\/veranstaltungen\/internationaler-tag-des-denkmals\/","title":{"rendered":"Internationaler Tag des Denkmals"},"content":{"rendered":"<p>Seit 1982 feiert die ICOMOS\/UNESCO-Welt den IDMS \u2013 den International Day of Monuments and Sites \u2013 mit dem Ziel, das Bewusstsein f\u00fcr die Vielfalt des kulturellen Erbes der Menschheit und die f\u00fcr den Schutz und ihre Erhaltung erforderlichen Anstrengungen zu f\u00f6rdern. Jedes Jahr veranstaltet eine wachsende Zahl von ICOMOS-Nationalaussch\u00fcssen auf der ganzen Welt themenrelevante Veranstaltungen. ICOMOS Austria beteiligte sich auf Initiative der Emerging Professionals 2019 erstmals an der internationalen Veranstaltung.<\/p>\n<p><strong>13. April 2019:<\/strong> Im Rahmen des Internationalen Tag des Denkmals hat ICOMOS Austria unter dem Titel \u201eCity-Scapes\u201c spannende Stadtwanderungen durch die Wiener Stadtlandschaft angeboten. Treffpunkt war der an der TU Wien errichtete ICOMOS-Messestand. Die organisierten Touren zur Erkundung der \u201eCity-Scapes\u201c im UNESCO Weltkulturerbe des Historischen Zentrums von Wien waren Wochen im Voraus ausgebucht. Nach einer kurzen Einf\u00fchrung der Pr\u00e4sidentin zu ICOMOS, der Charta von Venedig und ihrem Bezug zu ICOMOS Austria schw\u00e4rmten die einzelnen Gruppen zu den verschiedenen St\u00e4tten aus: den historischen Holztragwerken der Michaeler-Kirche, dem Zacherlhaus von Josef Ple\u010dnik, der aktuellen Fassadenrestaurierung der Akademie der Bildenden K\u00fcnste und abschlie\u00dfend gemeinsam in den Kuppelsaal der TU Wien. Angeregt durch die fachspezifischen Erkenntnisse und Methoden klang der Abend in bester Feierstimmung am ICOMOS-Stand noch lange nach.<\/p>\n<p><img fetchpriority=\"high\" decoding=\"async\" class=\"size-medium wp-image-823 alignnone\" src=\"http:\/\/icomos.at\/wp2021\/wp-content\/uploads\/2021\/01\/IDMS-2019_01-300x225.jpg\" alt=\"\" width=\"300\" height=\"225\" srcset=\"https:\/\/icomos.at\/wp2021\/wp-content\/uploads\/2021\/01\/IDMS-2019_01-300x225.jpg 300w, https:\/\/icomos.at\/wp2021\/wp-content\/uploads\/2021\/01\/IDMS-2019_01.jpg 600w\" sizes=\"(max-width: 300px) 100vw, 300px\" \/><br \/>\nIDMS 2019 (Foto: ICOMOS Austria)<\/p>\n","protected":false},"excerpt":{"rendered":"<p>Seit 1982 feiert die ICOMOS\/UNESCO-Welt den IDMS \u2013 den International Day of Monuments and Sites \u2013 mit dem Ziel, das Bewusstsein f\u00fcr die Vielfalt des kulturellen Erbes der Menschheit und die f\u00fcr den Schutz und ihre Erhaltung erforderlichen Anstrengungen zu f\u00f6rdern. Jedes Jahr veranstaltet eine wachsende Zahl von ICOMOS-Nationalaussch\u00fcssen auf der ganzen Welt themenrelevante Veranstaltungen.&hellip;&nbsp;<a href=\"https:\/\/icomos.at\/wp2021\/kommuniziert\/veranstaltungen\/internationaler-tag-des-denkmals\/\" class=\"\" rel=\"bookmark\">Weiterlesen &raquo;<span class=\"screen-reader-text\">Internationaler Tag des Denkmals<\/span><\/a><\/p>\n","protected":false},"author":1,"featured_media":0,"parent":433,"menu_order":2,"comment_status":"closed","ping_status":"closed","template":"","meta":{"neve_meta_sidebar":"full-width","neve_meta_container":"","neve_meta_enable_content_width":"on","neve_meta_content_width":100,"neve_meta_title_alignment":"","neve_meta_author_avatar":"","neve_post_elements_order":"","neve_meta_disable_header":"","neve_meta_disable_footer":"","neve_meta_disable_title":"","_ti_tpc_template_sync":false,"_ti_tpc_template_id":"","footnotes":""},"class_list":["post-725","page","type-page","status-publish","hentry"],"_links":{"self":[{"href":"https:\/\/icomos.at\/wp2021\/wp-json\/wp\/v2\/pages\/725"}],"collection":[{"href":"https:\/\/icomos.at\/wp2021\/wp-json\/wp\/v2\/pages"}],"about":[{"href":"https:\/\/icomos.at\/wp2021\/wp-json\/wp\/v2\/types\/page"}],"author":[{"embeddable":true,"href":"https:\/\/icomos.at\/wp2021\/wp-json\/wp\/v2\/users\/1"}],"replies":[{"embeddable":true,"href":"https:\/\/icomos.at\/wp2021\/wp-json\/wp\/v2\/comments?post=725"}],"version-history":[{"count":9,"href":"https:\/\/icomos.at\/wp2021\/wp-json\/wp\/v2\/pages\/725\/revisions"}],"predecessor-version":[{"id":1309,"href":"https:\/\/icomos.at\/wp2021\/wp-json\/wp\/v2\/pages\/725\/revisions\/1309"}],"up":[{"embeddable":true,"href":"https:\/\/icomos.at\/wp2021\/wp-json\/wp\/v2\/pages\/433"}],"wp:attachment":[{"href":"https:\/\/icomos.at\/wp2021\/wp-json\/wp\/v2\/media?parent=725"}],"curies":[{"name":"wp","href":"https:\/\/api.w.org\/{rel}","templated":true}]}}