{"id":790,"date":"2021-01-23T19:34:40","date_gmt":"2021-01-23T19:34:40","guid":{"rendered":"http:\/\/icomos.at\/wp2021\/?page_id=790"},"modified":"2021-04-07T08:21:38","modified_gmt":"2021-04-07T08:21:38","slug":"datenschutz","status":"publish","type":"page","link":"https:\/\/icomos.at\/wp2021\/datenschutz\/","title":{"rendered":"Datenschutz"},"content":{"rendered":"<p>Der Schutz Ihrer pers\u00f6nlichen Daten ist uns ein besonderes Anliegen. Wir verarbeiten Ihre Daten daher ausschlie\u00dflich auf Grundlage der gesetzlichen Bestimmungen (DSGVO, DSG 2018, TKG 2003).<\/p>\n<p>Beim Besuch unserer Webseite wird Ihre IP-Adresse, Beginn und Ende der Sitzung f\u00fcr die Dauer dieser Sitzung erfasst. Dies ist technisch bedingt und stellt damit ein berechtigtes Interesse iSv Art 6 Abs 1 lit f DSGVO dar. Soweit im Folgenden nichts anderes geregelt wird, werden diese Daten von uns nicht weiterverarbeitet.<\/p>\n<p>Wenn Sie per Formular auf der Website oder per E-Mail Kontakt mit uns aufnehmen, werden Ihre angegebenen Daten zwecks Bearbeitung der Anfrage gespeichert. Diese Daten geben wir nicht ohne Ihre Einwilligung weiter, ausgenommen davon ist die Weitergabe an staatliche Beh\u00f6rden, sofern der Verein gesetzlich dazu verpflichtet ist.<\/p>\n<p>Als TeilnehmerIn an Veranstaltungen unseres Vereins werden Ihre personenbezogenen Daten, soweit dies f\u00fcr die Anmeldung oder Teilnahme an den Veranstaltungen erforderlich sind, gespeichert. Wir m\u00f6chten Sie dar\u00fcber hinaus informieren, dass im Rahmen unserer Vereinsveranstaltungen m\u00f6glicherweise Fotos, Ton- oder Videoaufnahmen erstellt werden. Diese Aufnahmen k\u00f6nnen in verschiedenen Medien und Publikationen unseres Vereins Verwendung finden.<\/p>\n<p>Ihnen stehen bez\u00fcglich Ihrer bei uns gespeicherten Daten\u00a0grunds\u00e4tzlich die Rechte auf Auskunft, Berichtigung, L\u00f6schung, Einschr\u00e4nkung, Daten\u00fcbertragbarkeit, Widerruf und Widerspruch zu. Wenn Sie der Meinung sind, dass die Verarbeitung Ihrer Daten gegen das Datenschutzrecht verst\u00f6\u00dft oder Ihre datenschutzrechtlichen Anspr\u00fcche sonst in einer Weise verletzt worden sind, wenden Sie sich bitte an uns: ICOMOS Austria, Karlsplatz 13, A-1040 Wien, <a href=\"mailto:office@icomos.at\">office@icomos.at<\/a>.<\/p>\n","protected":false},"excerpt":{"rendered":"<p>Der Schutz Ihrer pers\u00f6nlichen Daten ist uns ein besonderes Anliegen. Wir verarbeiten Ihre Daten daher ausschlie\u00dflich auf Grundlage der gesetzlichen Bestimmungen (DSGVO, DSG 2018, TKG 2003). Beim Besuch unserer Webseite wird Ihre IP-Adresse, Beginn und Ende der Sitzung f\u00fcr die Dauer dieser Sitzung erfasst. Dies ist technisch bedingt und stellt damit ein berechtigtes Interesse iSv&hellip;&nbsp;<a href=\"https:\/\/icomos.at\/wp2021\/datenschutz\/\" class=\"\" rel=\"bookmark\">Weiterlesen &raquo;<span class=\"screen-reader-text\">Datenschutz<\/span><\/a><\/p>\n","protected":false},"author":1,"featured_media":0,"parent":0,"menu_order":0,"comment_status":"closed","ping_status":"closed","template":"","meta":{"neve_meta_sidebar":"full-width","neve_meta_container":"","neve_meta_enable_content_width":"on","neve_meta_content_width":100,"neve_meta_title_alignment":"","neve_meta_author_avatar":"","neve_post_elements_order":"","neve_meta_disable_header":"","neve_meta_disable_footer":"","neve_meta_disable_title":"","_ti_tpc_template_sync":false,"_ti_tpc_template_id":"","footnotes":""},"class_list":["post-790","page","type-page","status-publish","hentry"],"_links":{"self":[{"href":"https:\/\/icomos.at\/wp2021\/wp-json\/wp\/v2\/pages\/790"}],"collection":[{"href":"https:\/\/icomos.at\/wp2021\/wp-json\/wp\/v2\/pages"}],"about":[{"href":"https:\/\/icomos.at\/wp2021\/wp-json\/wp\/v2\/types\/page"}],"author":[{"embeddable":true,"href":"https:\/\/icomos.at\/wp2021\/wp-json\/wp\/v2\/users\/1"}],"replies":[{"embeddable":true,"href":"https:\/\/icomos.at\/wp2021\/wp-json\/wp\/v2\/comments?post=790"}],"version-history":[{"count":3,"href":"https:\/\/icomos.at\/wp2021\/wp-json\/wp\/v2\/pages\/790\/revisions"}],"predecessor-version":[{"id":1329,"href":"https:\/\/icomos.at\/wp2021\/wp-json\/wp\/v2\/pages\/790\/revisions\/1329"}],"wp:attachment":[{"href":"https:\/\/icomos.at\/wp2021\/wp-json\/wp\/v2\/media?parent=790"}],"curies":[{"name":"wp","href":"https:\/\/api.w.org\/{rel}","templated":true}]}}